{"id":354332,"date":"2023-04-25T10:00:29","date_gmt":"2023-04-25T10:00:29","guid":{"rendered":"http:\/\/eyemassagerdirect.com\/?post_type=product&#038;p=354332"},"modified":"2023-07-20T02:32:56","modified_gmt":"2023-07-20T02:32:56","slug":"l80-eye-massager-with-heat-and-cooling","status":"publish","type":"product","link":"https:\/\/eyemassagerdirect.com\/es\/producto\/l80-eye-massager-with-heat-and-cooling\/","title":{"rendered":"Masajeador de ojos L80 con calor y refrigeraci\u00f3n"},"content":{"rendered":"<h2>Mejore su oferta de productos con nuestro masajeador de ojos L80 con calor y enfriamiento<\/h2>\n<p>Mejore su oferta de productos con nuestro masajeador de ojos L80 con funciones de calor y enfriamiento. Este dispositivo de vanguardia para el cuidado de los ojos es perfecto para asociaciones B2B, ya que ofrece un relajante masaje ocular con capacidades de calor y enfriamiento. Impulse su negocio con esta innovadora soluci\u00f3n para el cuidado de los ojos. P\u00f3ngase en contacto con nosotros para pedidos al por mayor y opciones de personalizaci\u00f3n.<br \/>\n<strong>Par\u00e1metros<\/strong><br \/>\nNombre del producto: masajeador de ojos L80 con calor y refrigeraci\u00f3n<br \/>\nTensi\u00f3n nominal: 3,7 V<br \/>\nPotencia nominal: 3,5 W<br \/>\nCorriente de carga: 900mA<br \/>\nTemperatura somatosensorial de la compresa de enfriamiento: 19.5 \u2103 +\/- 1 \u2103<br \/>\nTemperatura de la compresa de calor: 42 \u2103 +\/- 1 \u2103<br \/>\nCapacidad de la bater\u00eda: 2500 mAh<br \/>\nTiempo de carga: 3,5-4 horas<br \/>\nTama\u00f1o del producto: 210*115*80mm<br \/>\nPeso del producto: alrededor de 445 g.<br \/>\nTama\u00f1o del embalaje: 187*187*87mm<br \/>\nCantidad de embalaje: 20PCS\/caja<\/p>\n<p>Aspectos destacados del masajeador de ojos L80 con calor y enfriamiento<\/p>\n<p><img decoding=\"async\" src=\"https:\/\/eyemassagerdirect.com\/wp-content\/uploads\/2023\/03\/L80-EY4.jpg\" alt=\"Aspectos destacados del masajeador de ojos L80 con calor y enfriamiento\" title=\"\"><\/p>\n<p>Masaje de amasado con presi\u00f3n de aire<\/p>\n<p><img decoding=\"async\" src=\"https:\/\/eyemassagerdirect.com\/wp-content\/uploads\/2023\/03\/8-LARG1.jpg\" alt=\"Air pressure kneeding massage\" title=\"\"><\/p>\n<p>Compresa de calor y enfriamiento<\/p>\n<p><img decoding=\"async\" src=\"https:\/\/eyemassagerdirect.com\/wp-content\/uploads\/2023\/03\/COLD-A1.jpg\" alt=\"Compresa de calor y enfriamiento\" title=\"\"><\/p>\n<p>M\u00faltiples modos de masaje<\/p>\n<p><img decoding=\"async\" src=\"https:\/\/eyemassagerdirect.com\/wp-content\/uploads\/2023\/03\/modes.jpg\" alt=\"M\u00faltiples modos de masaje\" title=\"\"><\/p>\n<p>Bater\u00eda recargable de gran capacidad de 2500 mAh con puerto tipo c<\/p>\n<p><img decoding=\"async\" src=\"https:\/\/eyemassagerdirect.com\/wp-content\/uploads\/2023\/03\/RECHAR1.jpg\" alt=\"Bater\u00eda recargable de gran capacidad de 2500 mAh con puerto tipo c\" title=\"\"><\/p>\n<p>musica bluetooth<\/p>\n<p><img decoding=\"async\" src=\"https:\/\/eyemassagerdirect.com\/wp-content\/uploads\/2023\/03\/L80-EY2.jpg\" alt=\"musica bluetooth\" title=\"\"><\/p>\n<p>Dise\u00f1o plegable<\/p>\n<p><img decoding=\"async\" src=\"https:\/\/eyemassagerdirect.com\/wp-content\/uploads\/2023\/03\/L80-EY3.jpg\" alt=\"Dise\u00f1o plegable\" title=\"\"><\/p>","protected":false},"excerpt":{"rendered":"<p>Mejore su l\u00ednea de productos con nuestro masajeador de ojos L80 premium que cuenta con tecnolog\u00eda de calor y enfriamiento de vanguardia. P\u00f3ngase en contacto con nosotros para conocer las opciones personalizadas de OEM y ODM. \u00a1Pregunte ahora! Proporcione a sus clientes una soluci\u00f3n para el cuidado de los ojos de alta calidad que alivie la fatiga ocular y reduzca la hinchaz\u00f3n.<\/p>\n<p><strong>Productos Destacados<\/strong><br \/>\nCompresa de enfriamiento<br \/>\nCompresa de calor de 42\u00b0C<br \/>\nM\u00fasica integrada y m\u00fasica personalizable por Bluetooth<br \/>\ntela de primera calidad<br \/>\nCorrea el\u00e1stica ajustable.<br \/>\nPlegable 180\u00b0<br \/>\nBater\u00eda de litio recargable incorporada, carga USB tipo C<\/p>\n<p><strong>Lead Time<\/strong><\/p>\n<table style=\"border-collapse: collapse; width: 289.52pt;\" border=\"1\" width=\"289.52pt\" cellspacing=\"0\" cellpadding=\"0\">\n<tbody>\n<tr style=\"height: 13.50pt;\">\n<td class=\"et2\" style=\"height: 13.5pt; width: 143.109px;\" height=\"18\">Cantidad (Piezas)<\/td>\n<td class=\"et3\" style=\"width: 90.6719px;\">1-2000<\/td>\n<td class=\"et3\" style=\"width: 148.234px;\">&gt;2000<\/td>\n<\/tr>\n<tr style=\"height: 13.50pt;\">\n<td class=\"et2\" style=\"height: 13.5pt; width: 143.109px;\" height=\"18\">Este. Tiempo (d\u00edas)<\/td>\n<td class=\"et3\" style=\"width: 90.6719px;\">35<\/td>\n<td class=\"et3\" style=\"width: 148.234px;\">Negociable<\/td>\n<\/tr>\n<\/tbody>\n<\/table>","protected":false},"featured_media":354339,"template":"","meta":{"_et_pb_use_builder":"","_et_pb_old_content":"","_et_gb_content_width":""},"product_cat":[26,101,25],"product_tag":[98,97,96,100,99],"_links":{"self":[{"href":"https:\/\/eyemassagerdirect.com\/es\/wp-json\/wp\/v2\/product\/354332"}],"collection":[{"href":"https:\/\/eyemassagerdirect.com\/es\/wp-json\/wp\/v2\/product"}],"about":[{"href":"https:\/\/eyemassagerdirect.com\/es\/wp-json\/wp\/v2\/types\/product"}],"wp:featuredmedia":[{"embeddable":true,"href":"https:\/\/eyemassagerdirect.com\/es\/wp-json\/wp\/v2\/media\/354339"}],"wp:attachment":[{"href":"https:\/\/eyemassagerdirect.com\/es\/wp-json\/wp\/v2\/media?parent=354332"}],"wp:term":[{"taxonomy":"product_cat","embeddable":true,"href":"https:\/\/eyemassagerdirect.com\/es\/wp-json\/wp\/v2\/product_cat?post=354332"},{"taxonomy":"product_tag","embeddable":true,"href":"https:\/\/eyemassagerdirect.com\/es\/wp-json\/wp\/v2\/product_tag?post=354332"}],"curies":[{"name":"wp","href":"https:\/\/api.w.org\/{rel}","templated":true}]}}