{"id":354501,"date":"2023-04-22T09:01:21","date_gmt":"2023-04-22T09:01:21","guid":{"rendered":"http:\/\/eyemassagerdirect.com\/?post_type=product&#038;p=354501"},"modified":"2023-07-20T02:33:47","modified_gmt":"2023-07-20T02:33:47","slug":"l90-vibration-eye-massager-with-heat-and-cooling","status":"publish","type":"product","link":"https:\/\/eyemassagerdirect.com\/es\/producto\/l90-vibration-eye-massager-with-heat-and-cooling\/","title":{"rendered":"Masajeador de ojos con vibraci\u00f3n L90 con calor y enfriamiento"},"content":{"rendered":"<p><strong>Par\u00e1metros<\/strong><br \/>\nNombre del producto: masajeador de ojos con vibraci\u00f3n 3D con calor y refrigeraci\u00f3n<br \/>\nModelo del producto: L90<br \/>\nTensi\u00f3n nominal: 3,7 V<br \/>\nPotencia nominal: 12W<br \/>\nVoltaje de entrada: 5V<br \/>\nCapacidad de la bater\u00eda: 2000 mAh<br \/>\nTama\u00f1o del producto: 215*89*89,5mm<br \/>\nPeso desnudo: alrededor de 310 g<br \/>\nTiempo de trabajo predeterminado: 10 minutos\/(compresa fr\u00eda durante 6 minutos)<br \/>\nPuerto de carga: puerto TYPE-C<\/p>\n<p><img decoding=\"async\" src=\"https:\/\/eyemassagerdirect.com\/wp-content\/uploads\/2023\/03\/l90-fast-heating-and-cooling.jpg\" alt=\"Eye Massager with Heat and Cooling\" title=\"\"><\/p>\n<p>Masajeador de ojos vibratorio L90 con funciones de calor y enfriamiento en el sistema de control de temperatura inteligente, calentamiento y enfriamiento r\u00e1pidos.<\/p>\n<p><img decoding=\"async\" src=\"https:\/\/eyemassagerdirect.com\/wp-content\/uploads\/2023\/03\/l90-Cooling-and-Heating-cycle.jpg\" alt=\"Vibration Eye Massager\" title=\"\"><\/p>\n<p>Haz que los ojos experimenten el ciclo de calor y enfriamiento.<\/p>\n<p><img decoding=\"async\" src=\"https:\/\/eyemassagerdirect.com\/wp-content\/uploads\/2023\/03\/12-touch-massage-points.jpg\" alt=\"Compresa de calor y enfriamiento\" title=\"\"><\/p>\n<p>Compresa de calor y enfriamiento, al mismo tiempo, 12 vibradores de contacto vibran a alta frecuencia, brindando una rica sensaci\u00f3n de relajaci\u00f3n y alivio corporal. La combinaci\u00f3n de la terapia de fr\u00edo y calor ayuda a aliviar la tensi\u00f3n muscular, reducir la inflamaci\u00f3n y promover la circulaci\u00f3n sangu\u00ednea.<\/p>\n<p><img decoding=\"async\" src=\"https:\/\/eyemassagerdirect.com\/wp-content\/uploads\/2023\/03\/multiple-massage-modes-l90.jpg\" alt=\"5 modes\" title=\"\"><\/p>\n<p>El modo de 5 velocidades del dispositivo permite una manipulaci\u00f3n precisa de los 12 contactos, simulando la suave y relajante sensaci\u00f3n de los dedos de spa para relajar la delicada zona de los ojos. Los lentes de contacto est\u00e1n dise\u00f1ados para imitar la sensaci\u00f3n de los dedos h\u00e1biles, brindando presi\u00f3n dirigida y controlada a los puntos clave de acupresi\u00f3n alrededor de los ojos. Esto ayuda a estimular el flujo sangu\u00edneo, aliviar la tensi\u00f3n y promover la relajaci\u00f3n, dejando el \u00e1rea de los ojos con una sensaci\u00f3n fresca y revitalizada.<\/p>\n<p><img decoding=\"async\" src=\"https:\/\/eyemassagerdirect.com\/wp-content\/uploads\/2023\/03\/L90-one-button-operation.jpg\" alt=\"one button operation\" title=\"\"><\/p>\n<p>Los sistemas de control de un bot\u00f3n ofrecen una interfaz simple e intuitiva para los usuarios.<\/p>\n<p><img decoding=\"async\" src=\"https:\/\/eyemassagerdirect.com\/wp-content\/uploads\/2023\/03\/L90-bluetooth-music.jpg\" alt=\"bluetooth music\" title=\"\"><\/p>\n<p>The Bluetooth feature allows uers to connect their smartphone, tablet, or any other Bluetooth-enabled device to the eye massager. Once connected, they can stream their favorite music or audiobook directly to the massager&#8217;s built-in speakers.<\/p>\n<p><img decoding=\"async\" src=\"https:\/\/eyemassagerdirect.com\/wp-content\/uploads\/2023\/03\/usb-c-charging-battery-l90.jpg\" alt=\"usb-c charging\" title=\"\"><\/p>\n<p>La inclusi\u00f3n de una bater\u00eda recargable integrada de 2000 mAh y un puerto de carga USB tipo C en este masajeador de ojos mejora su portabilidad, comodidad y respeto por el medio ambiente, lo que lo convierte en una opci\u00f3n pr\u00e1ctica y f\u00e1cil de usar para aquellos que buscan una soluci\u00f3n eficaz y sin complicaciones. experiencia de masaje ocular gratis.<\/p>","protected":false},"excerpt":{"rendered":"<p>Masajeador de ojos con vibraci\u00f3n L90 con calor y enfriamiento Servicio OEM ODM, mejore su negocio de masajeador de ojos con el masajeador de ojos con vibraci\u00f3n L90 con calor y enfriamiento, L90 es una excelente combinaci\u00f3n de vibraci\u00f3n 3D, compresa de calor, compresa de enfriamiento, m\u00fasica Bluetooth y m\u00fasica incorporada. Obtenga una cotizaci\u00f3n gratis ahora.<br \/>\n<strong>Productos Destacados<\/strong><\/p>\n<p>vibraci\u00f3n 3D<br \/>\ncompresa de calor<br \/>\ncompresa refrescante<br \/>\nmusica bluetooth<br \/>\nM\u00fasica incorporada<br \/>\n5 modos<\/p>\n<ul>\n<li>Modo belleza: vibraci\u00f3n multifrecuencia + m\u00fasica<\/li>\n<li>Modo ojo de amor: vibraci\u00f3n de ritmo + m\u00fasica<\/li>\n<li>Modo de protecci\u00f3n ocular: vibraci\u00f3n suave + m\u00fasica<\/li>\n<li>Modo de suspensi\u00f3n: vibraci\u00f3n envolvente + m\u00fasica<\/li>\n<li>Modo fr\u00edo y calor: ciclo fr\u00edo y calor + m\u00fasica<\/li>\n<\/ul>\n<p><strong>Lead Time<\/strong><\/p>\n<table style=\"border-collapse: collapse; width: 289.52pt;\" border=\"1\" width=\"289.52pt\" cellspacing=\"0\" cellpadding=\"0\">\n<tbody>\n<tr style=\"height: 13.50pt;\">\n<td class=\"et2\" style=\"height: 13.5pt; width: 143.109px;\" height=\"18\">Cantidad (Piezas)<\/td>\n<td class=\"et3\" style=\"width: 90.6719px;\">1-2000<\/td>\n<td class=\"et3\" style=\"width: 148.234px;\">&gt;2000<\/td>\n<\/tr>\n<tr style=\"height: 13.50pt;\">\n<td class=\"et2\" style=\"height: 13.5pt; width: 143.109px;\" height=\"18\">Este. Tiempo (d\u00edas)<\/td>\n<td class=\"et3\" style=\"width: 90.6719px;\">35<\/td>\n<td class=\"et3\" style=\"width: 148.234px;\">Negociable<\/td>\n<\/tr>\n<\/tbody>\n<\/table>","protected":false},"featured_media":355138,"template":"","meta":{"_et_pb_use_builder":"","_et_pb_old_content":"","_et_gb_content_width":""},"product_cat":[26,101,25,27],"product_tag":[104,97,96,105],"_links":{"self":[{"href":"https:\/\/eyemassagerdirect.com\/es\/wp-json\/wp\/v2\/product\/354501"}],"collection":[{"href":"https:\/\/eyemassagerdirect.com\/es\/wp-json\/wp\/v2\/product"}],"about":[{"href":"https:\/\/eyemassagerdirect.com\/es\/wp-json\/wp\/v2\/types\/product"}],"wp:featuredmedia":[{"embeddable":true,"href":"https:\/\/eyemassagerdirect.com\/es\/wp-json\/wp\/v2\/media\/355138"}],"wp:attachment":[{"href":"https:\/\/eyemassagerdirect.com\/es\/wp-json\/wp\/v2\/media?parent=354501"}],"wp:term":[{"taxonomy":"product_cat","embeddable":true,"href":"https:\/\/eyemassagerdirect.com\/es\/wp-json\/wp\/v2\/product_cat?post=354501"},{"taxonomy":"product_tag","embeddable":true,"href":"https:\/\/eyemassagerdirect.com\/es\/wp-json\/wp\/v2\/product_tag?post=354501"}],"curies":[{"name":"wp","href":"https:\/\/api.w.org\/{rel}","templated":true}]}}