{"id":354502,"date":"2023-04-21T08:01:51","date_gmt":"2023-04-21T08:01:51","guid":{"rendered":"http:\/\/eyemassagerdirect.com\/?post_type=product&#038;p=354502"},"modified":"2023-05-05T10:45:43","modified_gmt":"2023-05-05T10:45:43","slug":"e90-vibration-eye-massager-with-heat","status":"publish","type":"product","link":"https:\/\/eyemassagerdirect.com\/es\/producto\/e90-vibration-eye-massager-with-heat\/","title":{"rendered":"Masajeador de ojos con vibraci\u00f3n E90 con calor"},"content":{"rendered":"<p><strong>Par\u00e1metros<\/strong><br \/>\nNombre del producto: masajeador de ojos con vibraci\u00f3n 3D E90 con calor<br \/>\nTensi\u00f3n nominal: 3,7 V<br \/>\nPotencia nominal: 2,5 W<br \/>\nVoltaje de entrada: 5V<br \/>\nCapacidad de la bater\u00eda: 1200 mAh<br \/>\nTama\u00f1o del producto: 183*73*72mm<br \/>\nPeso desnudo: alrededor de 230 g<br \/>\nTama\u00f1o del embalaje: 221*121*86mm<br \/>\nTama\u00f1o de la caja exterior: 455*260*465<\/p>\n<p><img decoding=\"async\" src=\"https:\/\/eyemassagerdirect.com\/wp-content\/uploads\/2023\/03\/VibWave-massage-system-point-to-point.jpg\" alt=\"\" title=\"\"><\/p>\n<p>Este es un masajeador de ojos avanzado que integra masaje de vibraci\u00f3n punto a punto y funciones de compresas calientes.<\/p>\n<p><img decoding=\"async\" src=\"https:\/\/eyemassagerdirect.com\/wp-content\/uploads\/2023\/03\/16-soft-massage-touch-points.jpg\" alt=\"\" title=\"\"><\/p>\n<p>Este masajeador de ojos est\u00e1 equipado con 16 contactos de masaje de vibraci\u00f3n de silicona suave, dise\u00f1ados para brindar una experiencia de masaje suave pero efectiva. El material de silicona es suave con la delicada piel alrededor de los ojos, lo que garantiza la m\u00e1xima comodidad y seguridad durante el uso.<\/p>\n<p><img decoding=\"async\" src=\"https:\/\/eyemassagerdirect.com\/wp-content\/uploads\/2023\/03\/Warm-compresses-under-the-eyes.jpg\" alt=\"\" title=\"\"><\/p>\n<p>Los tres contactos ubicados debajo del masajeador de ojos tambi\u00e9n cuentan con una funci\u00f3n de calentamiento incorporada, lo que agrega una dimensi\u00f3n adicional de efectividad al dispositivo. El calor suave generado por la funci\u00f3n de calentamiento ayuda a aumentar la circulaci\u00f3n sangu\u00ednea alrededor de los ojos, promoviendo el drenaje linf\u00e1tico y reduciendo la aparici\u00f3n de ojeras y bolsas debajo de los ojos.<\/p>\n<p><img decoding=\"async\" src=\"https:\/\/eyemassagerdirect.com\/wp-content\/uploads\/2023\/03\/1-button-but-3-functions.jpg\" alt=\"\" title=\"\"><\/p>\n<p>This eye massager is designed with simplicity and convenience in mind, featuring an easy-to-use one-button control system. With just one button, you can turn the massager on or off, adjust the vibration intensity, and activate or deactivate the heating function. The simple control system makes it easy to operate the massager, even if you&#8217;ve never used one before.<\/p>\n<p><img decoding=\"async\" src=\"https:\/\/eyemassagerdirect.com\/wp-content\/uploads\/2023\/03\/Relaxing-massage-without-blocking-the-view.jpg\" alt=\"\" title=\"\"><\/p>\n<p>The innovative design of this eye massager includes a unique hollowed-out area at the front, which ensures that the massager does not completely block the line of sight. This means that when you wear the massager, you won&#8217;t be in a &#8220;blind&#8221; state, and you can still see what&#8217;s going on around you.<\/p>\n<p><img decoding=\"async\" src=\"https:\/\/eyemassagerdirect.com\/wp-content\/uploads\/2023\/03\/bluetooth-music-audiobook.jpg\" alt=\"\" title=\"\"><\/p>\n<p>The Bluetooth feature allows uers to connect their smartphone, tablet, or any other Bluetooth-enabled device to the eye massager. Once connected, they can stream their favorite music or audiobook directly to the massager&#8217;s built-in speakers.<\/p>\n<p><img decoding=\"async\" src=\"https:\/\/eyemassagerdirect.com\/wp-content\/uploads\/2023\/03\/Cordless-foldable.jpg\" alt=\"\" title=\"\"><\/p>\n<p>Su caracter\u00edstica plegable hace que sea f\u00e1cil de almacenar y transportar, lo que es perfecto para usar sobre la marcha. Simplemente puede doblarlo y deslizarlo en su bolso o cartera, lo que lo convierte en un excelente compa\u00f1ero de viaje.<\/p>","protected":false},"excerpt":{"rendered":"<p>Masajeador de ojos con vibraci\u00f3n E90 con servicio OEM ODM de calor, mejore su negocio de masajeador de ojos con pedidos al por mayor de masajeador de ojos con vibraci\u00f3n E90. \u00a1Obtenga una cotizaci\u00f3n gratis, ahora!<br \/>\n<strong>Productos Destacados<\/strong><br \/>\nFunci\u00f3n: vibraci\u00f3n, m\u00fasica Bluetooth y m\u00fasica integrada, compresa de calor.<br \/>\nDise\u00f1o visual<br \/>\n16 motores en miniatura est\u00e1n equipados con cabezales de masaje de silicona ecol\u00f3gicos<br \/>\nControl inteligente de conexi\u00f3n Bluetooth, sincronizaci\u00f3n de m\u00fasica masiva de tel\u00e9fonos m\u00f3viles<br \/>\nAd\u00e1ptese a la resonancia de audio, cada canci\u00f3n tiene una experiencia de masaje diferente<br \/>\n6 cabezales de masaje con compresa de calor a temperatura constante<\/p>\n<p><strong>Lead Time<\/strong><\/p>\n<table style=\"border-collapse: collapse; width: 289.52pt;\" border=\"1\" width=\"289.52pt\" cellspacing=\"0\" cellpadding=\"0\">\n<tbody>\n<tr style=\"height: 13.50pt;\">\n<td class=\"et2\" style=\"height: 13.5pt; width: 143.109px;\" height=\"18\">Cantidad (Piezas)<\/td>\n<td class=\"et3\" style=\"width: 90.6719px;\">1-2000<\/td>\n<td class=\"et3\" style=\"width: 148.234px;\">&gt;2000<\/td>\n<\/tr>\n<tr style=\"height: 13.50pt;\">\n<td class=\"et2\" style=\"height: 13.5pt; width: 143.109px;\" height=\"18\">Este. Tiempo (d\u00edas)<\/td>\n<td class=\"et3\" style=\"width: 90.6719px;\">35<\/td>\n<td class=\"et3\" style=\"width: 148.234px;\">Negociable<\/td>\n<\/tr>\n<\/tbody>\n<\/table>","protected":false},"featured_media":355242,"template":"","meta":{"_et_pb_use_builder":"","_et_pb_old_content":"","_et_gb_content_width":""},"product_cat":[27,24,25],"product_tag":[104,98,96,105],"_links":{"self":[{"href":"https:\/\/eyemassagerdirect.com\/es\/wp-json\/wp\/v2\/product\/354502"}],"collection":[{"href":"https:\/\/eyemassagerdirect.com\/es\/wp-json\/wp\/v2\/product"}],"about":[{"href":"https:\/\/eyemassagerdirect.com\/es\/wp-json\/wp\/v2\/types\/product"}],"wp:featuredmedia":[{"embeddable":true,"href":"https:\/\/eyemassagerdirect.com\/es\/wp-json\/wp\/v2\/media\/355242"}],"wp:attachment":[{"href":"https:\/\/eyemassagerdirect.com\/es\/wp-json\/wp\/v2\/media?parent=354502"}],"wp:term":[{"taxonomy":"product_cat","embeddable":true,"href":"https:\/\/eyemassagerdirect.com\/es\/wp-json\/wp\/v2\/product_cat?post=354502"},{"taxonomy":"product_tag","embeddable":true,"href":"https:\/\/eyemassagerdirect.com\/es\/wp-json\/wp\/v2\/product_tag?post=354502"}],"curies":[{"name":"wp","href":"https:\/\/api.w.org\/{rel}","templated":true}]}}