{"id":354503,"date":"2023-03-30T09:02:16","date_gmt":"2023-03-30T09:02:16","guid":{"rendered":"http:\/\/eyemassagerdirect.com\/?post_type=product&#038;p=354503"},"modified":"2023-06-01T03:57:38","modified_gmt":"2023-06-01T03:57:38","slug":"968-air-pressure-eye-massager-with-heat-compress","status":"publish","type":"product","link":"https:\/\/eyemassagerdirect.com\/es\/producto\/968-air-pressure-eye-massager-with-heat-compress\/","title":{"rendered":"968 Masajeador de ojos a presi\u00f3n de aire con compresa de calor"},"content":{"rendered":"<p><strong>Par\u00e1metros<\/strong><br \/>\nNombre del producto: Masajeador de ojos con presi\u00f3n de aire 968 con compresa de calor<br \/>\nTensi\u00f3n nominal: 3,7 V<br \/>\nPotencia nominal: 4,5 W<br \/>\nVoltaje de entrada: 5V<br \/>\nCapacidad de la bater\u00eda: 800 mAh<br \/>\nTama\u00f1o del producto: 235*105*82mm<br \/>\nPeso desnudo: alrededor de 300 g<br \/>\nTiempo de trabajo predeterminado: 10 minutos<br \/>\nInterfaz de carga: interfaz TYPE-C<br \/>\nTama\u00f1o del embalaje: 203*133*94mm<br \/>\nTama\u00f1o de la caja exterior: 492*284*425mm<\/p>\n<p>Compresa caliente a temperatura constante<br \/>\n<img decoding=\"async\" src=\"https:\/\/eyemassagerdirect.com\/wp-content\/uploads\/2023\/03\/968-air-pressure-Eye-Massager-With-Heat_3.jpg\" alt=\"Compresa caliente a temperatura constante\" title=\"\"><\/p>\n<p>masaje de presi\u00f3n de aire<br \/>\n<img decoding=\"async\" src=\"https:\/\/eyemassagerdirect.com\/wp-content\/uploads\/2023\/03\/968-air-pressure-Eye-Massager-With-Heat_2.jpg\" alt=\"masaje de presi\u00f3n de aire\" title=\"\"><\/p>\n<p>M\u00fasica integrada y m\u00fasica personalizable por Bluetooth<br \/>\n<img decoding=\"async\" src=\"https:\/\/eyemassagerdirect.com\/wp-content\/uploads\/2023\/03\/968-air-pressure-Eye-Massager-With-Heat_7.jpg\" alt=\"M\u00fasica integrada y m\u00fasica personalizable por Bluetooth\" title=\"\"><\/p>\n<p>tela de primera calidad<br \/>\n<img decoding=\"async\" src=\"https:\/\/eyemassagerdirect.com\/wp-content\/uploads\/2023\/03\/968-air-pressure-Eye-Massager-With-Heat_5.jpg\" alt=\"tela de primera calidad\" title=\"\"><\/p>\n<p>Correa el\u00e1stica ajustable.<br \/>\n<img decoding=\"async\" src=\"https:\/\/eyemassagerdirect.com\/wp-content\/uploads\/2023\/03\/968-air-pressure-Eye-Massager-With-Heat_05.jpg\" alt=\"Correa el\u00e1stica ajustable.\" title=\"\"><\/p>\n<p>Plegable 180\u00b0<br \/>\n<img decoding=\"async\" src=\"https:\/\/eyemassagerdirect.com\/wp-content\/uploads\/2023\/03\/968-air-pressure-Eye-Massager-With-Heat_02.jpg\" alt=\"Plegable 180\u00b0\" title=\"\"><\/p>\n<p>Bater\u00eda de litio recargable incorporada, carga USB tipo C<br \/>\n<img decoding=\"async\" src=\"https:\/\/eyemassagerdirect.com\/wp-content\/uploads\/2023\/03\/968-air-pressure-Eye-Massager-With-Heat_04.jpg\" alt=\"Bater\u00eda de litio recargable incorporada, carga USB tipo C\" title=\"\"><\/p>","protected":false},"excerpt":{"rendered":"<p>Masajeador de ojos con presi\u00f3n de aire con compresa de calor Servicio OEM ODM, suministro directo de f\u00e1brica, caracter\u00edsticas del masajeador de ojos 968 en: compresa caliente a temperatura constante, masaje con presi\u00f3n de aire, m\u00fasica de meditaci\u00f3n.<br \/>\n<strong>Productos Destacados<\/strong><br \/>\nCaracter\u00edsticas del producto: compresa caliente a temperatura constante, masaje con presi\u00f3n de aire, m\u00fasica de meditaci\u00f3n<br \/>\nM\u00fasica integrada y m\u00fasica personalizable por Bluetooth<br \/>\ntela de primera calidad<br \/>\nCorrea el\u00e1stica ajustable.<br \/>\nPlegable 180\u00b0<br \/>\nBater\u00eda de litio recargable incorporada, carga USB tipo C<\/p>\n<p><strong>3 modos:<\/strong><br \/>\nModo autom\u00e1tico: presi\u00f3n de aire + compresa caliente + m\u00fasica<br \/>\nModo de vitalidad: presi\u00f3n de aire + m\u00fasica<br \/>\nModo de suspensi\u00f3n: compresa caliente + m\u00fasica<\/p>\n<p><strong>Lead Time<\/strong><\/p>\n<table style=\"border-collapse: collapse; width: 289.52pt;\" border=\"1\" width=\"289.52pt\" cellspacing=\"0\" cellpadding=\"0\">\n<tbody>\n<tr style=\"height: 13.50pt;\">\n<td class=\"et2\" style=\"height: 13.5pt; width: 143.109px;\" height=\"18\">Cantidad (Piezas)<\/td>\n<td class=\"et3\" style=\"width: 90.6719px;\">1-2000<\/td>\n<td class=\"et3\" style=\"width: 148.234px;\">&gt;2000<\/td>\n<\/tr>\n<tr style=\"height: 13.50pt;\">\n<td class=\"et2\" style=\"height: 13.5pt; width: 143.109px;\" height=\"18\">Este. Tiempo (d\u00edas)<\/td>\n<td class=\"et3\" style=\"width: 90.6719px;\">35<\/td>\n<td class=\"et3\" style=\"width: 148.234px;\">Negociable<\/td>\n<\/tr>\n<\/tbody>\n<\/table>","protected":false},"featured_media":355286,"template":"","meta":{"_et_pb_use_builder":"","_et_pb_old_content":"","_et_gb_content_width":""},"product_cat":[25],"product_tag":[111],"_links":{"self":[{"href":"https:\/\/eyemassagerdirect.com\/es\/wp-json\/wp\/v2\/product\/354503"}],"collection":[{"href":"https:\/\/eyemassagerdirect.com\/es\/wp-json\/wp\/v2\/product"}],"about":[{"href":"https:\/\/eyemassagerdirect.com\/es\/wp-json\/wp\/v2\/types\/product"}],"wp:featuredmedia":[{"embeddable":true,"href":"https:\/\/eyemassagerdirect.com\/es\/wp-json\/wp\/v2\/media\/355286"}],"wp:attachment":[{"href":"https:\/\/eyemassagerdirect.com\/es\/wp-json\/wp\/v2\/media?parent=354503"}],"wp:term":[{"taxonomy":"product_cat","embeddable":true,"href":"https:\/\/eyemassagerdirect.com\/es\/wp-json\/wp\/v2\/product_cat?post=354503"},{"taxonomy":"product_tag","embeddable":true,"href":"https:\/\/eyemassagerdirect.com\/es\/wp-json\/wp\/v2\/product_tag?post=354503"}],"curies":[{"name":"wp","href":"https:\/\/api.w.org\/{rel}","templated":true}]}}