{"id":355261,"date":"2023-03-15T07:23:02","date_gmt":"2023-03-15T07:23:02","guid":{"rendered":"http:\/\/eyemassagerdirect.com\/?post_type=product&#038;p=355261"},"modified":"2023-06-01T03:41:23","modified_gmt":"2023-06-01T03:41:23","slug":"e80-heat-eye-massager-with-vibration","status":"publish","type":"product","link":"https:\/\/eyemassagerdirect.com\/es\/producto\/e80-heat-eye-massager-with-vibration\/","title":{"rendered":"Masajeador de ojos E80 Heat con vibraci\u00f3n"},"content":{"rendered":"<p><strong>Par\u00e1metros<\/strong><br \/>\nNombre del producto: masajeador de ojos con calor E80 con vibraci\u00f3n<br \/>\nTensi\u00f3n nominal: 3,7 V<br \/>\nPotencia nominal: 2,5 W<br \/>\nVoltaje de entrada: 5V<br \/>\nCapacidad de la bater\u00eda: 1200 mAh<br \/>\nTama\u00f1o del producto: 183*73*72mm<br \/>\nPeso desnudo: alrededor de 230 g<br \/>\nTama\u00f1o del embalaje: 221*121*86mm<br \/>\nTama\u00f1o de la caja exterior: 455*260*465<\/p>\n<p>Aspectos destacados del masajeador de ojos E80 Heat con vibraci\u00f3n<br \/>\n<img decoding=\"async\" src=\"https:\/\/eyemassagerdirect.com\/wp-content\/uploads\/2023\/04\/E80-3d-eye-massager-highlights.jpg\" alt=\"Aspectos destacados del masajeador de ojos E80 Heat con vibraci\u00f3n\" title=\"\"><br \/>\n16 contactos de masaje de silicona vibran a alta frecuencia, \u00a1extremadamente c\u00f3modos!<br \/>\n<img decoding=\"async\" src=\"https:\/\/eyemassagerdirect.com\/wp-content\/uploads\/2023\/04\/16-massage-contacts.jpg\" alt=\"16 contactos de masaje de silicona vibran a alta frecuencia, \u00a1extremadamente c\u00f3modos!\" title=\"\"><br \/>\nM\u00faltiples modos de masaje<br \/>\n<img decoding=\"async\" src=\"https:\/\/eyemassagerdirect.com\/wp-content\/uploads\/2023\/04\/E80-3d-eye-massager-multiple-modes.jpg\" alt=\"M\u00faltiples modos de masaje\" title=\"\"><br \/>\nDise\u00f1o visible<br \/>\n<img decoding=\"async\" src=\"https:\/\/eyemassagerdirect.com\/wp-content\/uploads\/2023\/04\/Viewable-design.jpg\" alt=\"\" title=\"\"><br \/>\nUltraligero, pesa menos de 200 g<br \/>\n<img decoding=\"async\" src=\"https:\/\/eyemassagerdirect.com\/wp-content\/uploads\/2023\/04\/E80-196g.jpg\" alt=\"Ultraligero, pesa menos de 200 g\" title=\"\"><br \/>\nmusica bluetooth<br \/>\n<img decoding=\"async\" src=\"https:\/\/eyemassagerdirect.com\/wp-content\/uploads\/2023\/04\/e80-bluetooth-music.jpg\" alt=\"musica bluetooth\" title=\"\"><br \/>\nBater\u00eda recargable con puerto tipo c<br \/>\n<img decoding=\"async\" src=\"https:\/\/eyemassagerdirect.com\/wp-content\/uploads\/2023\/04\/E80-rechageable-type-c.jpg\" alt=\"Bater\u00eda recargable con puerto tipo c\" title=\"\"><br \/>\nDise\u00f1o plegable<br \/>\n<img decoding=\"async\" src=\"https:\/\/eyemassagerdirect.com\/wp-content\/uploads\/2023\/04\/foldable-design-and-portable.jpg\" alt=\"Dise\u00f1o plegable\" title=\"\"><\/p>","protected":false},"excerpt":{"rendered":"<p>Masajeador de ojos con calor E80 con servicio OEM ODM de vibraci\u00f3n, mejore su negocio de masajeador de ojos con el masajeador de ojos con calor E80 con pedidos al por mayor de vibraci\u00f3n. \u00a1Obtenga una cotizaci\u00f3n gratis, ahora!<br \/>\n<strong>Productos Destacados<\/strong><br \/>\nFunci\u00f3n: vibraci\u00f3n, m\u00fasica Bluetooth y m\u00fasica integrada, compresa de calor.<br \/>\nDise\u00f1o visual<br \/>\n16 motores en miniatura est\u00e1n equipados con cabezales de masaje de silicona ecol\u00f3gicos<br \/>\nControl inteligente de conexi\u00f3n Bluetooth, sincronizaci\u00f3n de m\u00fasica masiva de tel\u00e9fonos m\u00f3viles<br \/>\nAd\u00e1ptese a la resonancia de audio, cada canci\u00f3n tiene una experiencia de masaje diferente<br \/>\n6 cabezales de masaje con compresa de calor a temperatura constante<\/p>\n<p><strong>Lead Time<\/strong><\/p>\n<table style=\"border-collapse: collapse; width: 289.52pt;\" border=\"1\" width=\"289.52pt\" cellspacing=\"0\" cellpadding=\"0\">\n<tbody>\n<tr style=\"height: 13.50pt;\">\n<td class=\"et2\" style=\"height: 13.5pt; width: 143.109px;\" height=\"18\">Cantidad (Piezas)<\/td>\n<td class=\"et3\" style=\"width: 90.6719px;\">1-2000<\/td>\n<td class=\"et3\" style=\"width: 148.234px;\">&gt;2000<\/td>\n<\/tr>\n<tr style=\"height: 13.50pt;\">\n<td class=\"et2\" style=\"height: 13.5pt; width: 143.109px;\" height=\"18\">Este. Tiempo (d\u00edas)<\/td>\n<td class=\"et3\" style=\"width: 90.6719px;\">35<\/td>\n<td class=\"et3\" style=\"width: 148.234px;\">Negociable<\/td>\n<\/tr>\n<\/tbody>\n<\/table>","protected":false},"featured_media":355276,"template":"","meta":{"_et_pb_use_builder":"","_et_pb_old_content":"","_et_gb_content_width":""},"product_cat":[27,25],"product_tag":[104,98,96,105],"_links":{"self":[{"href":"https:\/\/eyemassagerdirect.com\/es\/wp-json\/wp\/v2\/product\/355261"}],"collection":[{"href":"https:\/\/eyemassagerdirect.com\/es\/wp-json\/wp\/v2\/product"}],"about":[{"href":"https:\/\/eyemassagerdirect.com\/es\/wp-json\/wp\/v2\/types\/product"}],"wp:featuredmedia":[{"embeddable":true,"href":"https:\/\/eyemassagerdirect.com\/es\/wp-json\/wp\/v2\/media\/355276"}],"wp:attachment":[{"href":"https:\/\/eyemassagerdirect.com\/es\/wp-json\/wp\/v2\/media?parent=355261"}],"wp:term":[{"taxonomy":"product_cat","embeddable":true,"href":"https:\/\/eyemassagerdirect.com\/es\/wp-json\/wp\/v2\/product_cat?post=355261"},{"taxonomy":"product_tag","embeddable":true,"href":"https:\/\/eyemassagerdirect.com\/es\/wp-json\/wp\/v2\/product_tag?post=355261"}],"curies":[{"name":"wp","href":"https:\/\/api.w.org\/{rel}","templated":true}]}}