{"id":355615,"date":"2023-05-01T12:12:20","date_gmt":"2023-05-01T12:12:20","guid":{"rendered":"http:\/\/eyemassagerdirect.com\/?post_type=product&#038;p=355615"},"modified":"2023-05-07T07:55:56","modified_gmt":"2023-05-07T07:55:56","slug":"3d-vibration-steam-eye-massager-with-heat-spa-massage-for-dry-eyes","status":"publish","type":"product","link":"https:\/\/eyemassagerdirect.com\/es\/producto\/3d-vibration-steam-eye-massager-with-heat-spa-massage-for-dry-eyes\/","title":{"rendered":"Masajeador de ojos de vapor con vibraci\u00f3n 3D con masaje de spa de calor para ojos secos"},"content":{"rendered":"<h2>Masajeador de ojos de vapor con vibraci\u00f3n 3D con calor, vaporizador ultras\u00f3nico desmontable, masajeador de spa perfecto para ojos secos. Fabricante de OEM ODM de masajeador de ojos de vapor de China.<\/h2>\n<p>Mejore sus ofertas de productos con nuestro masajeador de ojos de vapor con vibraci\u00f3n 3D con calor, masajeador de spa perfecto para ojos secos. Impulse su negocio con esta innovadora soluci\u00f3n para el cuidado de los ojos. P\u00f3ngase en contacto con nosotros para pedidos al por mayor y opciones de personalizaci\u00f3n.<\/p>\n<p><strong>vaporizador ultras\u00f3nico desmontable<\/strong><br \/>\nLa neblina es entregada por un dispositivo ultras\u00f3nico en miniatura que convierte el agua en los vapores m\u00e1s peque\u00f1os posibles. Convirtiendo el agua en finas gotas de 3 \u03bcm, puede hidratar tu piel con el mejor resultado.<br \/>\nLa microplaca de almacenamiento de agua\u00a0es desmontable, el dise\u00f1o desmontable tiene beneficios incomparables:<\/p>\n<ul>\n<li>Primero, la inyecci\u00f3n de agua y la limpieza son muy convenientes.<\/li>\n<li>En segundo lugar, el costo de los da\u00f1os se puede reducir al m\u00e1ximo. Garantizar la independencia y la capacidad de desmontaje de este componente cr\u00edtico de la unidad generadora de vapor de agua evita la costosa e inconveniente reparaci\u00f3n o sustituci\u00f3n de toda la unidad en caso de da\u00f1o.<\/li>\n<\/ul>\n<p><strong>Calentamiento instant\u00e1neo<\/strong><br \/>\nCalienta instant\u00e1neamente hasta\u00a0114 \u00b0F\u00a0(46 \u00b0C)\u00a0en segundos. La temperatura de 114\u00b0F (46\u00b0C) es ideal para estimular el flujo de sangre y relajar los m\u00fasculos alrededor de los ojos, promoviendo una sensaci\u00f3n de calma y relajaci\u00f3n.<\/p>\n<p><strong>Masaje de vibraci\u00f3n de contacto 3D ultra confort<\/strong><br \/>\n12 motores de vibraci\u00f3n integrados para masaje multipunto, 12 motores de silicona pueden vibrar a alta frecuencia, experiencia de masaje ultra c\u00f3moda.<\/p>\n<p><strong>Conectividad Bluetooth y m\u00fasica integrada<\/strong><br \/>\nAdem\u00e1s de la m\u00fasica natural incorporada, el usuario puede escuchar f\u00e1cilmente su m\u00fasica, podcasts o audiolibros favoritos mientras disfruta de un masaje con la conectividad Bluetooth, lo que significa que el usuario puede crear una experiencia personalizada e inmersiva.<\/p>\n<p><strong>Bater\u00eda de larga duraci\u00f3n Carga tipo C<\/strong><br \/>\nLa funci\u00f3n de carga Tipo-C tambi\u00e9n es conveniente, ya que permite tiempos de carga m\u00e1s r\u00e1pidos y compatibilidad universal con una amplia gama de dispositivos, como cargador de tel\u00e9fono, computadora port\u00e1til o cualquier otro dispositivo que tenga un puerto Tipo-C.<\/p>\n<p><strong>Ligero y port\u00e1til<\/strong><br \/>\nEl dise\u00f1o liviano y port\u00e1til de este dispositivo lo convierte en el compa\u00f1ero ideal para aquellos que siempre est\u00e1n en movimiento. Con un peso de solo 220 g, este masajeador es f\u00e1cil de transportar y puede caber c\u00f3modamente en su bolso, lo que lo hace perfecto para usar en casa, en la oficina o de viaje.<\/p>","protected":false},"excerpt":{"rendered":"<p>Masajeador de ojos de vapor con vibraci\u00f3n 3D con calor, vaporizador ultras\u00f3nico desmontable, masajeador de spa perfecto para ojos secos. Fabricante de OEM ODM de masajeador de ojos de vapor de China.<\/p>\n<p><strong>Productos Destacados<\/strong><br \/>\nvaporizador ultras\u00f3nico desmontable<br \/>\nCalentamiento instant\u00e1neo, compresa de calor a 42 \u00b0C<br \/>\nMasaje de vibraci\u00f3n de contacto 3D ultra confort<br \/>\nM\u00fasica integrada y m\u00fasica personalizable por Bluetooth<br \/>\nCorrea el\u00e1stica ajustable.<br \/>\nBater\u00eda de litio recargable incorporada, carga USB tipo C<\/p>\n<p><strong>Lead Time<\/strong><\/p>\n<table style=\"border-collapse: collapse; width: 289.52pt;\" border=\"1\" width=\"289.52pt\" cellspacing=\"0\" cellpadding=\"0\">\n<tbody>\n<tr style=\"height: 13.50pt;\">\n<td class=\"et2\" style=\"height: 13.5pt; width: 143.109px;\" height=\"18\">Cantidad (Piezas)<\/td>\n<td class=\"et3\" style=\"width: 90.6719px;\">1-2000<\/td>\n<td class=\"et3\" style=\"width: 148.234px;\">&gt;2000<\/td>\n<\/tr>\n<tr style=\"height: 13.50pt;\">\n<td class=\"et2\" style=\"height: 13.5pt; width: 143.109px;\" height=\"18\">Este. Tiempo (d\u00edas)<\/td>\n<td class=\"et3\" style=\"width: 90.6719px;\">35<\/td>\n<td class=\"et3\" style=\"width: 148.234px;\">Negociable<\/td>\n<\/tr>\n<\/tbody>\n<\/table>","protected":false},"featured_media":355667,"template":"","meta":{"_et_pb_use_builder":"","_et_pb_old_content":"","_et_gb_content_width":""},"product_cat":[24,25,116,27],"product_tag":[98,96,100,99,117,118,119],"_links":{"self":[{"href":"https:\/\/eyemassagerdirect.com\/es\/wp-json\/wp\/v2\/product\/355615"}],"collection":[{"href":"https:\/\/eyemassagerdirect.com\/es\/wp-json\/wp\/v2\/product"}],"about":[{"href":"https:\/\/eyemassagerdirect.com\/es\/wp-json\/wp\/v2\/types\/product"}],"wp:featuredmedia":[{"embeddable":true,"href":"https:\/\/eyemassagerdirect.com\/es\/wp-json\/wp\/v2\/media\/355667"}],"wp:attachment":[{"href":"https:\/\/eyemassagerdirect.com\/es\/wp-json\/wp\/v2\/media?parent=355615"}],"wp:term":[{"taxonomy":"product_cat","embeddable":true,"href":"https:\/\/eyemassagerdirect.com\/es\/wp-json\/wp\/v2\/product_cat?post=355615"},{"taxonomy":"product_tag","embeddable":true,"href":"https:\/\/eyemassagerdirect.com\/es\/wp-json\/wp\/v2\/product_tag?post=355615"}],"curies":[{"name":"wp","href":"https:\/\/api.w.org\/{rel}","templated":true}]}}