{"id":355794,"date":"2023-08-05T08:19:07","date_gmt":"2023-08-05T08:19:07","guid":{"rendered":"https:\/\/eyemassagerdirect.com\/?post_type=product&#038;p=355794"},"modified":"2023-08-05T09:29:24","modified_gmt":"2023-08-05T09:29:24","slug":"heating-cooling-eye-massager-with-airbag-kneading-bluetooth-music","status":"publish","type":"product","link":"https:\/\/eyemassagerdirect.com\/es\/producto\/heating-cooling-eye-massager-with-airbag-kneading-bluetooth-music\/","title":{"rendered":"Masajeador OEM ODM calefacci\u00f3n y ojo de enfriamiento con airbag amasado + \nM\u00fasica bluetooth"},"content":{"rendered":"<h2>Mejore las ofertas de sus productos con calefacci\u00f3n y masajeador de ojos de enfriamiento con amasado de airbag + Bluetooth Music<\/h2>\n<p>Mejore las ofertas de sus productos con calefacci\u00f3n y masajeador de ojos de enfriamiento con amasado de airbag + Bluetooth Music. Este dispositivo de cuidado de los ojos de vanguardia es perfecto para las asociaciones B2B, que ofrece masaje ocular relajante con capacidades de calor y enfriamiento. Aumente su negocio con esta innovadora soluci\u00f3n de cuidado ocular. Cont\u00e1ctenos para obtener \u00f3rdenes a granel y opciones de personalizaci\u00f3n.<\/p>\n<p><iframe loading=\"lazy\" title=\"Eye Massager Using Tutorial 02: Airbag Kneading Demo\" width=\"1080\" height=\"608\" src=\"https:\/\/www.youtube.com\/embed\/GiG7vsw_bek?feature=oembed\"  allow=\"accelerometer; autoplay; clipboard-write; encrypted-media; gyroscope; picture-in-picture; web-share\" allowfullscreen><\/iframe><\/p>\n<p><strong>Par\u00e1metros<\/strong><br \/>\nNombre del producto: masajeador de ojos L80 con calor y refrigeraci\u00f3n<br \/>\nTensi\u00f3n nominal: 3,7 V<br \/>\nPotencia nominal: 3,5 W<br \/>\nCorriente de carga: 900mA<br \/>\nTemperatura somatosensorial de la compresa de enfriamiento: 19.5 \u2103 +\/- 1 \u2103<br \/>\nTemperatura de la compresa de calor: 42 \u2103 +\/- 1 \u2103<br \/>\nCapacidad de la bater\u00eda: 2500 mAh<br \/>\nTiempo de carga: 3,5-4 horas<br \/>\nTama\u00f1o del producto: 210*115*80mm<br \/>\nPeso del producto: alrededor de 445 g.<br \/>\nTama\u00f1o del embalaje: 187*187*87mm<br \/>\nCantidad de embalaje: 20PCS\/caja<\/p>\n<p>Aspectos destacados del masajeador de ojos L80 con calor y enfriamiento<\/p>\n<p><img decoding=\"async\" src=\"https:\/\/eyemassagerdirect.com\/wp-content\/uploads\/2023\/03\/L80-EY4.jpg\" alt=\"Aspectos destacados del masajeador de ojos L80 con calor y enfriamiento\" title=\"\"><\/p>\n<p>Masaje de amasado con presi\u00f3n de aire<\/p>\n<p><img decoding=\"async\" src=\"https:\/\/eyemassagerdirect.com\/wp-content\/uploads\/2023\/03\/8-LARG1.jpg\" alt=\"Masaje de amasado con presi\u00f3n de aire\" title=\"\"><\/p>\n<p>Compresa de calor y enfriamiento<\/p>\n<p><img decoding=\"async\" src=\"https:\/\/eyemassagerdirect.com\/wp-content\/uploads\/2023\/03\/COLD-A1.jpg\" alt=\"Compresa de calor y enfriamiento\" title=\"\"><\/p>\n<p>M\u00faltiples modos de masaje<\/p>\n<p><img decoding=\"async\" src=\"https:\/\/eyemassagerdirect.com\/wp-content\/uploads\/2023\/03\/modes.jpg\" alt=\"M\u00faltiples modos de masaje\" title=\"\"><\/p>\n<p>Bater\u00eda recargable de gran capacidad de 2500 mAh con puerto tipo c<\/p>\n<p><img decoding=\"async\" src=\"https:\/\/eyemassagerdirect.com\/wp-content\/uploads\/2023\/03\/RECHAR1.jpg\" alt=\"Bater\u00eda recargable de gran capacidad de 2500 mAh con puerto tipo c\" title=\"\"><\/p>\n<p>musica bluetooth<\/p>\n<p><img decoding=\"async\" src=\"https:\/\/eyemassagerdirect.com\/wp-content\/uploads\/2023\/03\/L80-EY2.jpg\" alt=\"musica bluetooth\" title=\"\"><\/p>\n<p>Dise\u00f1o plegable<\/p>\n<p><img decoding=\"async\" src=\"https:\/\/eyemassagerdirect.com\/wp-content\/uploads\/2023\/03\/L80-EY3.jpg\" alt=\"Dise\u00f1o plegable\" title=\"\"><\/p>","protected":false},"excerpt":{"rendered":"<p>Calefacci\u00f3n y refrigerador masajeador de ojos con amasado de airbag + m\u00fasica bluetooth. Mejore su l\u00ednea de productos con nuestro masajeador premium L80 Eye con tecnolog\u00eda de calor y enfriamiento de vanguardia. P\u00f3ngase en contacto con nosotros para obtener opciones OEM y ODM personalizadas. \u00a1Pregunte ahora!<\/p>\n<p><strong>Productos Destacados<\/strong><br \/>\nCompresa de enfriamiento<br \/>\nCompresa de calor de 42\u00b0C<br \/>\nM\u00fasica integrada y m\u00fasica personalizable por Bluetooth<br \/>\ntela de primera calidad<br \/>\nCorrea el\u00e1stica ajustable.<br \/>\nPlegable 180\u00b0<br \/>\nBater\u00eda de litio recargable incorporada, carga USB tipo C<\/p>\n<p><strong>Lead Time<\/strong><\/p>\n<table style=\"border-collapse: collapse; width: 289.52pt;\" border=\"1\" width=\"289.52pt\" cellspacing=\"0\" cellpadding=\"0\">\n<tbody>\n<tr style=\"height: 13.50pt;\">\n<td class=\"et2\" style=\"height: 13.5pt; width: 143.109px;\" height=\"18\">Cantidad (Piezas)<\/td>\n<td class=\"et3\" style=\"width: 90.6719px;\">1-2000<\/td>\n<td class=\"et3\" style=\"width: 148.234px;\">&gt;2000<\/td>\n<\/tr>\n<tr style=\"height: 13.50pt;\">\n<td class=\"et2\" style=\"height: 13.5pt; width: 143.109px;\" height=\"18\">Este. Tiempo (d\u00edas)<\/td>\n<td class=\"et3\" style=\"width: 90.6719px;\">35<\/td>\n<td class=\"et3\" style=\"width: 148.234px;\">Negociable<\/td>\n<\/tr>\n<\/tbody>\n<\/table>","protected":false},"featured_media":355795,"template":"","meta":{"_et_pb_use_builder":"","_et_pb_old_content":"","_et_gb_content_width":""},"product_cat":[26,101,25],"product_tag":[127,98,97,96,100,99],"_links":{"self":[{"href":"https:\/\/eyemassagerdirect.com\/es\/wp-json\/wp\/v2\/product\/355794"}],"collection":[{"href":"https:\/\/eyemassagerdirect.com\/es\/wp-json\/wp\/v2\/product"}],"about":[{"href":"https:\/\/eyemassagerdirect.com\/es\/wp-json\/wp\/v2\/types\/product"}],"wp:featuredmedia":[{"embeddable":true,"href":"https:\/\/eyemassagerdirect.com\/es\/wp-json\/wp\/v2\/media\/355795"}],"wp:attachment":[{"href":"https:\/\/eyemassagerdirect.com\/es\/wp-json\/wp\/v2\/media?parent=355794"}],"wp:term":[{"taxonomy":"product_cat","embeddable":true,"href":"https:\/\/eyemassagerdirect.com\/es\/wp-json\/wp\/v2\/product_cat?post=355794"},{"taxonomy":"product_tag","embeddable":true,"href":"https:\/\/eyemassagerdirect.com\/es\/wp-json\/wp\/v2\/product_tag?post=355794"}],"curies":[{"name":"wp","href":"https:\/\/api.w.org\/{rel}","templated":true}]}}