{"id":354057,"date":"2023-03-27T08:43:11","date_gmt":"2023-03-27T08:43:11","guid":{"rendered":"http:\/\/eyemassagerdirect.com\/?page_id=354057"},"modified":"2023-06-28T10:51:24","modified_gmt":"2023-06-28T10:51:24","slug":"contact-us","status":"publish","type":"page","link":"https:\/\/eyemassagerdirect.com\/pt\/contact-us\/","title":{"rendered":"Contate-nos"},"content":{"rendered":"<p>[et_pb_section fb_built=&#8221;1&#8243; next_background_color=&#8221;#ffffff&#8221; _builder_version=&#8221;4.21.0&#8243; use_background_color_gradient=&#8221;on&#8221; background_color_gradient_stops=&#8221;rgba(0,0,0,0.5) 0%|rgba(0,0,0,0.5) 100%&#8221; background_color_gradient_overlays_image=&#8221;on&#8221; background_color_gradient_start=&#8221;rgba(0,0,0,0.5)&#8221; background_color_gradient_end=&#8221;rgba(0,0,0,0.5)&#8221; background_image=&#8221;https:\/\/eyemassagerdirect.com\/wp-content\/uploads\/2023\/04\/20230414152332-bg.jpg&#8221; bottom_divider_style=&#8221;arrow2&#8243; hover_enabled=&#8221;0&#8243; da_disable_devices=&#8221;off|off|off&#8221; global_colors_info=&#8221;{}&#8221; background_last_edited=&#8221;on|phone&#8221; sticky_enabled=&#8221;0&#8243; title_text=&#8221;20230414152332-bg&#8221; background_image_tablet=&#8221;https:\/\/eyemassagerdirect.com\/wp-content\/uploads\/2023\/04\/20230414152332-bg-1024&#215;480.jpg&#8221; background_enable_image_tablet=&#8221;on&#8221; background_image_phone=&#8221;https:\/\/eyemassagerdirect.com\/wp-content\/uploads\/2023\/04\/20230414152332-bg-1024&#215;480.jpg&#8221; background_enable_image_phone=&#8221;on&#8221; da_is_popup=&#8221;off&#8221; da_exit_intent=&#8221;off&#8221; da_has_close=&#8221;on&#8221; da_alt_close=&#8221;off&#8221; da_dark_close=&#8221;off&#8221; da_not_modal=&#8221;on&#8221; da_is_singular=&#8221;off&#8221; da_with_loader=&#8221;off&#8221; da_has_shadow=&#8221;on&#8221;][et_pb_row _builder_version=&#8221;4.20.2&#8243; global_colors_info=&#8221;{}&#8221;][et_pb_column type=&#8221;4_4&#8243; _builder_version=&#8221;4.16&#8243; custom_padding=&#8221;|||&#8221; global_colors_info=&#8221;{}&#8221; custom_padding__hover=&#8221;|||&#8221;][et_pb_text _builder_version=&#8221;4.20.4&#8243; header_font=&#8221;||||||||&#8221; header_text_align=&#8221;center&#8221; header_text_color=&#8221;#FFFFFF&#8221; header_font_size=&#8221;56px&#8221; max_width=&#8221;500px&#8221; max_width_tablet=&#8221;&#8221; max_width_phone=&#8221;&#8221; max_width_last_edited=&#8221;on|desktop&#8221; module_alignment=&#8221;center&#8221; custom_margin=&#8221;||15px&#8221; custom_padding=&#8221;20px||8px&#8221; header_font_size_tablet=&#8221;&#8221; header_font_size_phone=&#8221;50px&#8221; header_font_size_last_edited=&#8221;on|phone&#8221; border_color_all=&#8221;#ffdf00&#8243; global_colors_info=&#8221;{}&#8221;]<\/p>\n<h1>Contate-nos<\/h1>\n<p>[\/et_pb_text][et_pb_text _builder_version=&#8221;4.20.4&#8243; text_font=&#8221;||||||||&#8221; text_text_color=&#8221;#FFFFFF&#8221; text_font_size=&#8221;17px&#8221; header_font=&#8221;|700|||||||&#8221; header_2_font=&#8221;||||||||&#8221; header_2_text_align=&#8221;center&#8221; header_2_text_color=&#8221;#FFFFFF&#8221; header_2_font_size=&#8221;24px&#8221; text_orientation=&#8221;center&#8221; max_width=&#8221;80%&#8221; max_width_tablet=&#8221;80%&#8221; max_width_phone=&#8221;100%&#8221; max_width_last_edited=&#8221;on|phone&#8221; module_alignment=&#8221;center&#8221; custom_margin=&#8221;||25px&#8221; header_2_font_size_tablet=&#8221;&#8221; header_2_font_size_phone=&#8221;22px&#8221; header_2_font_size_last_edited=&#8221;on|phone&#8221; module_alignment_tablet=&#8221;center&#8221; module_alignment_phone=&#8221;center&#8221; module_alignment_last_edited=&#8221;on|tablet&#8221; global_colors_info=&#8221;{}&#8221;]<\/p>\n<p>Valorizamos seus coment\u00e1rios, coment\u00e1rios e perguntas e faremos o poss\u00edvel para responder prontamente.<\/p>\n<p>[\/et_pb_text][\/et_pb_column][\/et_pb_row][\/et_pb_section][et_pb_section fb_built=&#8221;1&#8243; _builder_version=&#8221;4.20.4&#8243; background_position=&#8221;center_left&#8221; custom_padding=&#8221;60px|0px|60px|0px|true|false&#8221; animation_style=&#8221;slide&#8221; animation_direction=&#8221;bottom&#8221; animation_duration=&#8221;1500ms&#8221; animation_intensity_slide=&#8221;10%&#8221; animation_starting_opacity=&#8221;50%&#8221; da_disable_devices=&#8221;off|off|off&#8221; global_colors_info=&#8221;{}&#8221; da_is_popup=&#8221;off&#8221; da_exit_intent=&#8221;off&#8221; da_has_close=&#8221;on&#8221; da_alt_close=&#8221;off&#8221; da_dark_close=&#8221;off&#8221; da_not_modal=&#8221;on&#8221; da_is_singular=&#8221;off&#8221; da_with_loader=&#8221;off&#8221; da_has_shadow=&#8221;on&#8221;][et_pb_row _builder_version=&#8221;4.16&#8243; global_colors_info=&#8221;{}&#8221;][et_pb_column type=&#8221;4_4&#8243; _builder_version=&#8221;4.16&#8243; custom_padding=&#8221;|||&#8221; global_colors_info=&#8221;{}&#8221; custom_padding__hover=&#8221;|||&#8221;][et_pb_text _builder_version=&#8221;4.20.4&#8243; header_font=&#8221;|700|||||||&#8221; header_2_font=&#8221;|700|||||||&#8221; header_2_text_align=&#8221;center&#8221; text_orientation=&#8221;center&#8221; max_width=&#8221;60%&#8221; max_width_tablet=&#8221;100%&#8221; max_width_phone=&#8221;100%&#8221; max_width_last_edited=&#8221;on|phone&#8221; module_alignment=&#8221;center&#8221; header_2_font_size_tablet=&#8221;&#8221; header_2_font_size_phone=&#8221;36px&#8221; header_2_font_size_last_edited=&#8221;on|phone&#8221; global_colors_info=&#8221;{}&#8221;]<\/p>\n<h2>Entre em contato conosco<\/h2>\n<p>Entre em contato conosco usando o formul\u00e1rio de contato abaixo ou entrando em contato conosco atrav\u00e9s do nosso e-mail ou n\u00famero de telefone, estamos ansiosos para ouvir de voc\u00ea!<\/p>\n<p>[\/et_pb_text][\/et_pb_column][\/et_pb_row][et_pb_row column_structure=&#8221;3_5,2_5&#8243; make_equal=&#8221;on&#8221; padding_top_bottom_link_1=&#8221;true&#8221; padding_top_bottom_link_2=&#8221;true&#8221; padding_left_right_link_1=&#8221;true&#8221; padding_left_right_link_2=&#8221;true&#8221; _builder_version=&#8221;4.16&#8243; background_color=&#8221;#f7f7f7&#8243; custom_padding=&#8221;2px||2px&#8221; global_colors_info=&#8221;{}&#8221;][et_pb_column type=&#8221;3_5&#8243; _builder_version=&#8221;4.16&#8243; custom_padding=&#8221;25px|25px|25px|25px&#8221; global_colors_info=&#8221;{}&#8221; custom_padding__hover=&#8221;|||&#8221;][et_pb_contact_form captcha=&#8221;off&#8221; email=&#8221;info@eyemassagerdirect.com&#8221; custom_message=&#8221;Name: %%Name%%||et_pb_line_break_holder||Email Address: %%Email%%||et_pb_line_break_holder||Message: %%Message%%||et_pb_line_break_holder||Landing page: %%page_name%%||et_pb_line_break_holder||Page URL: %%page_url%%&#8221; use_redirect=&#8221;on&#8221; redirect_url=&#8221;https:\/\/eyemassagerdirect.com\/thank-you\/&#8221; module_id=&#8221;et_pb_contact_form_0&#8243; module_class=&#8221;pa-contact-form-submit-fullwidth&#8221; _builder_version=&#8221;4.20.4&#8243; form_field_background_color=&#8221;#FFFFFF&#8221; form_field_text_color=&#8221;#000000&#8243; form_field_font=&#8221;||||||||&#8221; custom_button=&#8221;on&#8221; button_text_color=&#8221;#FFFFFF&#8221; button_bg_color=&#8221;#007FE0&#8243; button_border_color=&#8221;#007fe0&#8243; button_icon=&#8221;&#x24;||divi||400&#8243; box_shadow_style=&#8221;preset1&#8243; box_shadow_blur=&#8221;24px&#8221; box_shadow_color=&#8221;rgba(0,0,0,0.1)&#8221; form_background_color=&#8221;#FFFFFF&#8221; global_colors_info=&#8221;{}&#8221;][et_pb_contact_field field_id=&#8221;Name&#8221; field_title=&#8221;Name&#8221; fullwidth_field=&#8221;on&#8221; _builder_version=&#8221;4.16&#8243; global_colors_info=&#8221;{}&#8221; button_text_size__hover_enabled=&#8221;off&#8221; button_one_text_size__hover_enabled=&#8221;off&#8221; button_two_text_size__hover_enabled=&#8221;off&#8221; button_text_color__hover_enabled=&#8221;off&#8221; button_one_text_color__hover_enabled=&#8221;off&#8221; button_two_text_color__hover_enabled=&#8221;off&#8221; button_border_width__hover_enabled=&#8221;off&#8221; button_one_border_width__hover_enabled=&#8221;off&#8221; button_two_border_width__hover_enabled=&#8221;off&#8221; button_border_color__hover_enabled=&#8221;off&#8221; button_one_border_color__hover_enabled=&#8221;off&#8221; button_two_border_color__hover_enabled=&#8221;off&#8221; button_border_radius__hover_enabled=&#8221;off&#8221; button_one_border_radius__hover_enabled=&#8221;off&#8221; button_two_border_radius__hover_enabled=&#8221;off&#8221; button_letter_spacing__hover_enabled=&#8221;off&#8221; button_one_letter_spacing__hover_enabled=&#8221;off&#8221; button_two_letter_spacing__hover_enabled=&#8221;off&#8221; button_bg_color__hover_enabled=&#8221;off&#8221; button_one_bg_color__hover_enabled=&#8221;off&#8221; button_two_bg_color__hover_enabled=&#8221;off&#8221;][\/et_pb_contact_field][et_pb_contact_field field_id=&#8221;Email&#8221; field_title=&#8221;Email Address&#8221; field_type=&#8221;email&#8221; fullwidth_field=&#8221;on&#8221; _builder_version=&#8221;4.16&#8243; global_colors_info=&#8221;{}&#8221; button_text_size__hover_enabled=&#8221;off&#8221; button_one_text_size__hover_enabled=&#8221;off&#8221; button_two_text_size__hover_enabled=&#8221;off&#8221; button_text_color__hover_enabled=&#8221;off&#8221; button_one_text_color__hover_enabled=&#8221;off&#8221; button_two_text_color__hover_enabled=&#8221;off&#8221; button_border_width__hover_enabled=&#8221;off&#8221; button_one_border_width__hover_enabled=&#8221;off&#8221; button_two_border_width__hover_enabled=&#8221;off&#8221; button_border_color__hover_enabled=&#8221;off&#8221; button_one_border_color__hover_enabled=&#8221;off&#8221; button_two_border_color__hover_enabled=&#8221;off&#8221; button_border_radius__hover_enabled=&#8221;off&#8221; button_one_border_radius__hover_enabled=&#8221;off&#8221; button_two_border_radius__hover_enabled=&#8221;off&#8221; button_letter_spacing__hover_enabled=&#8221;off&#8221; button_one_letter_spacing__hover_enabled=&#8221;off&#8221; button_two_letter_spacing__hover_enabled=&#8221;off&#8221; button_bg_color__hover_enabled=&#8221;off&#8221; button_one_bg_color__hover_enabled=&#8221;off&#8221; button_two_bg_color__hover_enabled=&#8221;off&#8221;][\/et_pb_contact_field][et_pb_contact_field field_id=&#8221;Message&#8221; field_title=&#8221;Message&#8221; field_type=&#8221;text&#8221; fullwidth_field=&#8221;on&#8221; _builder_version=&#8221;4.16&#8243; global_colors_info=&#8221;{}&#8221; button_text_size__hover_enabled=&#8221;off&#8221; button_one_text_size__hover_enabled=&#8221;off&#8221; button_two_text_size__hover_enabled=&#8221;off&#8221; button_text_color__hover_enabled=&#8221;off&#8221; button_one_text_color__hover_enabled=&#8221;off&#8221; button_two_text_color__hover_enabled=&#8221;off&#8221; button_border_width__hover_enabled=&#8221;off&#8221; button_one_border_width__hover_enabled=&#8221;off&#8221; button_two_border_width__hover_enabled=&#8221;off&#8221; button_border_color__hover_enabled=&#8221;off&#8221; button_one_border_color__hover_enabled=&#8221;off&#8221; button_two_border_color__hover_enabled=&#8221;off&#8221; button_border_radius__hover_enabled=&#8221;off&#8221; button_one_border_radius__hover_enabled=&#8221;off&#8221; button_two_border_radius__hover_enabled=&#8221;off&#8221; button_letter_spacing__hover_enabled=&#8221;off&#8221; button_one_letter_spacing__hover_enabled=&#8221;off&#8221; button_two_letter_spacing__hover_enabled=&#8221;off&#8221; button_bg_color__hover_enabled=&#8221;off&#8221; button_one_bg_color__hover_enabled=&#8221;off&#8221; button_two_bg_color__hover_enabled=&#8221;off&#8221;][\/et_pb_contact_field][et_pb_contact_field field_id=&#8221;page_name&#8221; field_title=&#8221;page_name&#8221; fullwidth_field=&#8221;on&#8221; _builder_version=&#8221;4.20.4&#8243; _module_preset=&#8221;default&#8221; custom_css_main_element=&#8221;display: none !important;&#8221; global_colors_info=&#8221;{}&#8221;][\/et_pb_contact_field][et_pb_contact_field field_id=&#8221;page_url&#8221; field_title=&#8221;page_url&#8221; fullwidth_field=&#8221;on&#8221; _builder_version=&#8221;4.20.4&#8243; _module_preset=&#8221;default&#8221; custom_css_main_element=&#8221;display: none !important;&#8221; global_colors_info=&#8221;{}&#8221;][\/et_pb_contact_field][\/et_pb_contact_form][\/et_pb_column][et_pb_column type=&#8221;2_5&#8243; _builder_version=&#8221;4.16&#8243; background_color=&#8221;#0c71c3&#8243; use_background_color_gradient=&#8221;on&#8221; background_color_gradient_stops=&#8221;rgba(12,113,195,0.85) 0%|rgba(12,113,195,0.85) 100%&#8221; background_color_gradient_overlays_image=&#8221;on&#8221; background_color_gradient_start=&#8221;rgba(12,113,195,0.85)&#8221; background_color_gradient_end=&#8221;rgba(12,113,195,0.85)&#8221; background_image=&#8221;https:\/\/eyemassagerdirect.com\/wp-content\/uploads\/2023\/03\/header-bg.jpg&#8221; custom_padding=&#8221;50px|50px|50px|50px&#8221; global_colors_info=&#8221;{}&#8221; custom_padding__hover=&#8221;|||&#8221;][et_pb_blurb title=&#8221;Address&#8221; use_icon=&#8221;on&#8221; font_icon=&#8221;&#xe074;||divi||400&#8243; icon_color=&#8221;#FFFFFF&#8221; icon_placement=&#8221;left&#8221; image_icon_width=&#8221;28px&#8221; _builder_version=&#8221;4.21.0&#8243; header_font=&#8221;|700|||||||&#8221; header_font_size=&#8221;18px&#8221; header_line_height=&#8221;1.3em&#8221; background_layout=&#8221;dark&#8221; icon_font_size=&#8221;28px&#8221; global_colors_info=&#8221;{}&#8221;]Room 201, 2\/F, Building 14<br \/>\n1 Chuang Ye Heng Road<br \/>\nDongguan City, Guangdong Province, China 523869[\/et_pb_blurb][et_pb_blurb title=&#8221;Phone&#8221; use_icon=&#8221;on&#8221; font_icon=&#8221;&#xe090;||divi||400&#8243; icon_color=&#8221;#FFFFFF&#8221; icon_placement=&#8221;left&#8221; image_icon_width=&#8221;28px&#8221; _builder_version=&#8221;4.20.4&#8243; header_font=&#8221;|700|||||||&#8221; header_font_size=&#8221;18px&#8221; header_line_height=&#8221;1.3em&#8221; background_layout=&#8221;dark&#8221; icon_font_size=&#8221;28px&#8221; global_colors_info=&#8221;{}&#8221;]<\/p>\n<p>+ 86 13794478194<\/p>\n<p>[\/et_pb_blurb][et_pb_blurb title=&#8221;Email&#8221; use_icon=&#8221;on&#8221; font_icon=&#8221;&#xe076;||divi||400&#8243; icon_color=&#8221;#FFFFFF&#8221; icon_placement=&#8221;left&#8221; image_icon_width=&#8221;28px&#8221; _builder_version=&#8221;4.20.4&#8243; header_font=&#8221;|700|||||||&#8221; header_font_size=&#8221;18px&#8221; header_line_height=&#8221;1.3em&#8221; body_link_font=&#8221;||||on||||&#8221; body_link_text_color=&#8221;#FFFFFF&#8221; body_link_font_size=&#8221;20px&#8221; background_layout=&#8221;dark&#8221; body_font_size_tablet=&#8221;&#8221; body_font_size_phone=&#8221;11px&#8221; body_font_size_last_edited=&#8221;on|phone&#8221; icon_font_size=&#8221;28px&#8221; global_colors_info=&#8221;{}&#8221;]<\/p>\n<p><a href=\"mailto:info@eyemassagerdirect.com\" target=\"_blank\" rel=\"noopener\">info@eyemassagerdirect.com<\/a><\/p>\n<p>[\/et_pb_blurb][\/et_pb_column][\/et_pb_row][\/et_pb_section]<\/p>","protected":false},"excerpt":{"rendered":"<p>Contact UsWe value your feedback, comments, and questions and will do our best to respond promptly.Get In Touch With Us Get in touch with us by using the contact form below or reaching out to us through our email or phone number, we look forward to hearing from you!Room 201, 2\/F, Building 14 1 Chuang [&hellip;]<\/p>","protected":false},"author":1,"featured_media":0,"parent":0,"menu_order":0,"comment_status":"closed","ping_status":"closed","template":"","meta":{"_et_pb_use_builder":"on","_et_pb_old_content":"","_et_gb_content_width":"","footnotes":""},"_links":{"self":[{"href":"https:\/\/eyemassagerdirect.com\/pt\/wp-json\/wp\/v2\/pages\/354057"}],"collection":[{"href":"https:\/\/eyemassagerdirect.com\/pt\/wp-json\/wp\/v2\/pages"}],"about":[{"href":"https:\/\/eyemassagerdirect.com\/pt\/wp-json\/wp\/v2\/types\/page"}],"author":[{"embeddable":true,"href":"https:\/\/eyemassagerdirect.com\/pt\/wp-json\/wp\/v2\/users\/1"}],"replies":[{"embeddable":true,"href":"https:\/\/eyemassagerdirect.com\/pt\/wp-json\/wp\/v2\/comments?post=354057"}],"version-history":[{"count":19,"href":"https:\/\/eyemassagerdirect.com\/pt\/wp-json\/wp\/v2\/pages\/354057\/revisions"}],"predecessor-version":[{"id":355738,"href":"https:\/\/eyemassagerdirect.com\/pt\/wp-json\/wp\/v2\/pages\/354057\/revisions\/355738"}],"wp:attachment":[{"href":"https:\/\/eyemassagerdirect.com\/pt\/wp-json\/wp\/v2\/media?parent=354057"}],"curies":[{"name":"wp","href":"https:\/\/api.w.org\/{rel}","templated":true}]}}