{"id":354065,"date":"2023-03-28T12:08:55","date_gmt":"2023-03-28T12:08:55","guid":{"rendered":"http:\/\/eyemassagerdirect.com\/?page_id=354065"},"modified":"2023-04-15T13:36:30","modified_gmt":"2023-04-15T13:36:30","slug":"eye-massager-molding-service","status":"publish","type":"page","link":"https:\/\/eyemassagerdirect.com\/pt\/eye-massager-molding-service\/","title":{"rendered":"Servi\u00e7o de moldagem de massageador de olhos"},"content":{"rendered":"[et_pb_section fb_built=&#8221;1&#8243; next_background_color=&#8221;#ffffff&#8221; _builder_version=&#8221;4.20.4&#8243; use_background_color_gradient=&#8221;on&#8221; background_color_gradient_stops=&#8221;rgba(0,0,0,0.5) 0%|rgba(0,0,0,0.5) 100%&#8221; background_color_gradient_overlays_image=&#8221;on&#8221; background_color_gradient_start=&#8221;rgba(0,0,0,0.5)&#8221; background_color_gradient_end=&#8221;rgba(0,0,0,0.5)&#8221; background_image=&#8221;https:\/\/eyemassagerdirect.com\/wp-content\/uploads\/2023\/04\/88d8d1242530_bg.jpg&#8221; bottom_divider_style=&#8221;arrow2&#8243; da_disable_devices=&#8221;off|off|off&#8221; global_colors_info=&#8221;{}&#8221; da_is_popup=&#8221;off&#8221; da_exit_intent=&#8221;off&#8221; da_has_close=&#8221;on&#8221; da_alt_close=&#8221;off&#8221; da_dark_close=&#8221;off&#8221; da_not_modal=&#8221;on&#8221; da_is_singular=&#8221;off&#8221; da_with_loader=&#8221;off&#8221; da_has_shadow=&#8221;on&#8221;][et_pb_row _builder_version=&#8221;4.20.2&#8243; global_colors_info=&#8221;{}&#8221;][et_pb_column type=&#8221;4_4&#8243; _builder_version=&#8221;4.16&#8243; custom_padding=&#8221;|||&#8221; global_colors_info=&#8221;{}&#8221; custom_padding__hover=&#8221;|||&#8221;][et_pb_text _builder_version=&#8221;4.20.4&#8243; header_font=&#8221;||||||||&#8221; header_text_align=&#8221;center&#8221; header_text_color=&#8221;#FFFFFF&#8221; header_font_size=&#8221;56px&#8221; max_width=&#8221;640px&#8221; max_width_tablet=&#8221;&#8221; max_width_phone=&#8221;&#8221; max_width_last_edited=&#8221;on|desktop&#8221; module_alignment=&#8221;center&#8221; custom_margin=&#8221;||15px&#8221; custom_padding=&#8221;20px||8px&#8221; header_font_size_tablet=&#8221;&#8221; header_font_size_phone=&#8221;50px&#8221; header_font_size_last_edited=&#8221;on|phone&#8221; border_color_all=&#8221;#ffdf00&#8243; global_colors_info=&#8221;{}&#8221;]<h1>Servi\u00e7o de moldagem de massageador de olhos<\/h1>[\/et_pb_text][et_pb_text _builder_version=&#8221;4.20.4&#8243; text_font=&#8221;||||||||&#8221; header_font=&#8221;|700|||||||&#8221; header_2_font=&#8221;||||||||&#8221; header_2_text_align=&#8221;center&#8221; header_2_text_color=&#8221;#FFFFFF&#8221; header_2_font_size=&#8221;24px&#8221; max_width=&#8221;80%&#8221; max_width_tablet=&#8221;80%&#8221; max_width_phone=&#8221;100%&#8221; max_width_last_edited=&#8221;on|phone&#8221; module_alignment=&#8221;center&#8221; custom_margin=&#8221;||25px&#8221; header_2_font_size_tablet=&#8221;&#8221; header_2_font_size_phone=&#8221;22px&#8221; header_2_font_size_last_edited=&#8221;on|phone&#8221; module_alignment_tablet=&#8221;center&#8221; module_alignment_phone=&#8221;center&#8221; module_alignment_last_edited=&#8221;on|tablet&#8221; global_colors_info=&#8221;{}&#8221;]<h2>Processo de moldagem do massageador de olhos, como calcular o custo de moldagem<\/h2>[\/et_pb_text][et_pb_button button_text=&#8221;Featured Products&#8221; button_alignment=&#8221;center&#8221; _builder_version=&#8221;4.20.4&#8243; _module_preset=&#8221;default&#8221; custom_button=&#8221;on&#8221; button_text_color=&#8221;#FFFFFF&#8221; button_bg_color=&#8221;#0C71C3&#8243; button_border_color=&#8221;#0C71C3&#8243; button_font=&#8221;|||on|||||&#8221; button_icon=&#8221;&#x24;||divi||400&#8243; global_colors_info=&#8221;{}&#8221;][\/et_pb_button][\/et_pb_column][\/et_pb_row][\/et_pb_section][et_pb_section fb_built=&#8221;1&#8243; _builder_version=&#8221;4.16&#8243; da_disable_devices=&#8221;off|off|off&#8221; global_colors_info=&#8221;{}&#8221; da_is_popup=&#8221;off&#8221; da_exit_intent=&#8221;off&#8221; da_has_close=&#8221;on&#8221; da_alt_close=&#8221;off&#8221; da_dark_close=&#8221;off&#8221; da_not_modal=&#8221;on&#8221; da_is_singular=&#8221;off&#8221; da_with_loader=&#8221;off&#8221; da_has_shadow=&#8221;on&#8221;][et_pb_row column_structure=&#8221;2_3,1_3&#8243; _builder_version=&#8221;4.16&#8243; custom_padding=&#8221;32px|0px|0|0px|false|false&#8221; global_colors_info=&#8221;{}&#8221;][et_pb_column type=&#8221;2_3&#8243; _builder_version=&#8221;4.16&#8243; custom_padding=&#8221;|||&#8221; global_colors_info=&#8221;{}&#8221; custom_padding__hover=&#8221;|||&#8221;][et_pb_text _builder_version=&#8221;4.16&#8243; text_font=&#8221;|700||on|||||&#8221; text_font_size=&#8221;18px&#8221; custom_margin=&#8221;||0px&#8221; global_colors_info=&#8221;{}&#8221;]Services[\/et_pb_text][et_pb_divider color=&#8221;#0C71C3&#8243; divider_position=&#8221;center&#8221; divider_weight=&#8221;3px&#8221; _builder_version=&#8221;4.20.4&#8243; max_width=&#8221;29%&#8221; module_alignment=&#8221;left&#8221; custom_margin=&#8221;||2px&#8221; custom_padding=&#8221;||0px&#8221; global_colors_info=&#8221;{}&#8221;][\/et_pb_divider][et_pb_text _builder_version=&#8221;4.20.4&#8243; header_font=&#8221;|700|||||||&#8221; header_2_font=&#8221;|700|||||||&#8221; header_2_font_size_tablet=&#8221;&#8221; header_2_font_size_phone=&#8221;36px&#8221; header_2_font_size_last_edited=&#8221;on|phone&#8221; global_colors_info=&#8221;{}&#8221;]<h2>Servi\u00e7o de moldagem de massageador de olhos<\/h2>[\/et_pb_text][\/et_pb_column][et_pb_column type=&#8221;1_3&#8243; _builder_version=&#8221;4.16&#8243; custom_padding=&#8221;|||&#8221; global_colors_info=&#8221;{}&#8221; custom_padding__hover=&#8221;|||&#8221;][\/et_pb_column][\/et_pb_row][et_pb_row column_structure=&#8221;2_3,1_3&#8243; _builder_version=&#8221;4.20.4&#8243; hover_enabled=&#8221;0&#8243; global_colors_info=&#8221;{}&#8221; sticky_enabled=&#8221;0&#8243;][et_pb_column type=&#8221;2_3&#8243; _builder_version=&#8221;4.16&#8243; custom_padding=&#8221;|||&#8221; global_colors_info=&#8221;{}&#8221; custom_padding__hover=&#8221;|||&#8221;][et_pb_text _builder_version=&#8221;4.20.4&#8243; global_colors_info=&#8221;{}&#8221;]<h3>Processo de moldagem para um massageador de olhos<\/h3>\nThe molding process for an eye massager typically involves the following steps:[\/et_pb_text][dsm_content_timeline dsm_card_arrow=&#8221;on&#8221; dsm_pointer_bg_color=&#8221;#0C71C3&#8243; dsm_tree_bg_color=&#8221;#0C71C3&#8243; _builder_version=&#8221;4.20.4&#8243; _module_preset=&#8221;default&#8221; global_colors_info=&#8221;{}&#8221;][dsm_content_timeline_child dsm_use_icon_image=&#8221;off&#8221; dsm_title=&#8221;Design&#8221; dsm_content=&#8221;The first step is to create a design for the eye massager. This includes deciding on the size, shape, and features of the massager.&#8221; _builder_version=&#8221;4.20.4&#8243; _module_preset=&#8221;default&#8221; global_colors_info=&#8221;{}&#8221; parent_header_level=&#8221;h4&#8243;][\/dsm_content_timeline_child][dsm_content_timeline_child dsm_use_icon_image=&#8221;off&#8221; dsm_title=&#8221;Prototype&#8221; dsm_content=&#8221;Once the design is finalized, a prototype of the eye massager is created using a 3D printer or other prototyping methods. This prototype is used to test the design and make any necessary changes.&#8221; _builder_version=&#8221;4.20.4&#8243; _module_preset=&#8221;default&#8221; global_colors_info=&#8221;{}&#8221; parent_header_level=&#8221;h4&#8243;][\/dsm_content_timeline_child][dsm_content_timeline_child dsm_use_icon_image=&#8221;off&#8221; dsm_title=&#8221;Molding&#8221; dsm_content=&#8221;Once the prototype is finalized, a mold is created using the prototype as a template. The mold is typically made of metal or plastic and is used to create the final product.&#8221; _builder_version=&#8221;4.20.4&#8243; _module_preset=&#8221;default&#8221; global_colors_info=&#8221;{}&#8221; parent_header_level=&#8221;h4&#8243;][\/dsm_content_timeline_child][dsm_content_timeline_child dsm_use_icon_image=&#8221;off&#8221; dsm_title=&#8221;Injection molding&#8221; dsm_content=&#8221;The molding process typically involves injection molding, which is a process in which molten plastic is injected into the mold under high pressure. The plastic then cools and hardens, taking on the shape of the mold.&#8221; _builder_version=&#8221;4.20.4&#8243; _module_preset=&#8221;default&#8221; global_colors_info=&#8221;{}&#8221; parent_header_level=&#8221;h4&#8243;][\/dsm_content_timeline_child][dsm_content_timeline_child dsm_use_icon_image=&#8221;off&#8221; dsm_title=&#8221;Finishing&#8221; dsm_content=&#8221;Once the eye massager has been molded, it undergoes a finishing process to remove any rough edges or imperfections. This may involve sanding, polishing, or other techniques to create a smooth surface.&#8221; _builder_version=&#8221;4.20.4&#8243; _module_preset=&#8221;default&#8221; global_colors_info=&#8221;{}&#8221; parent_header_level=&#8221;h4&#8243;][\/dsm_content_timeline_child][dsm_content_timeline_child dsm_use_icon_image=&#8221;off&#8221; dsm_title=&#8221;Assembly&#8221; dsm_content=&#8221;Finally, the various components of the eye massager are assembled together, including any electronic components or batteries. The finished product is then packaged and prepared for sale.&#8221; _builder_version=&#8221;4.20.4&#8243; _module_preset=&#8221;default&#8221; global_colors_info=&#8221;{}&#8221; parent_header_level=&#8221;h4&#8243;][\/dsm_content_timeline_child][\/dsm_content_timeline][et_pb_text _builder_version=&#8221;4.20.4&#8243; global_colors_info=&#8221;{}&#8221;]<h3>O custo de moldagem<\/h3>\nO custo da moldagem depende de v\u00e1rios fatores, incluindo o material utilizado, o tamanho e a complexidade do molde, a quantidade de pe\u00e7as produzidas e o processo de produ\u00e7\u00e3o utilizado. Aqui est\u00e3o algumas etapas gerais que voc\u00ea pode seguir para estimar o custo da moldagem:\n<ul>\n\t<li>Determine o tipo de material a ser usado no molde. Pode ser pl\u00e1stico, metal, borracha ou outro material.<\/li>\n\t<li>Calcule o volume de material necess\u00e1rio para fazer o molde. Isso vai depender do tamanho e forma do molde.<\/li>\n\t<li>Determine o custo do material por unidade de volume. Essas informa\u00e7\u00f5es geralmente podem ser obtidas de um fornecedor ou online.<\/li>\n\t<li>Calcule o custo de fabrica\u00e7\u00e3o do pr\u00f3prio molde. Isso depender\u00e1 da complexidade do projeto do molde e do processo de produ\u00e7\u00e3o utilizado.<\/li>\n\t<li>Determine o custo de produ\u00e7\u00e3o de cada pe\u00e7a individual. Isso depender\u00e1 da quantidade de pe\u00e7as produzidas, da complexidade do projeto da pe\u00e7a e do processo de produ\u00e7\u00e3o utilizado.<\/li>\n\t<li>Adicione o custo do material, o custo de fabrica\u00e7\u00e3o do molde e o custo de produ\u00e7\u00e3o da pe\u00e7a para obter o custo total de moldagem.<\/li>\n<\/ul>\nIt&#8217;s important to note that these are just general steps, and the actual cost of molding can vary greatly depending on the specific details of the project. Consulting with a molding expert or manufacturer can help provide more accurate cost estimates for your particular needs.[\/et_pb_text][\/et_pb_column][et_pb_column type=&#8221;1_3&#8243; _builder_version=&#8221;4.20.4&#8243; custom_padding=&#8221;|||&#8221; hover_enabled=&#8221;0&#8243; global_colors_info=&#8221;{}&#8221; custom_padding__hover=&#8221;|||&#8221; sticky_position=&#8221;top&#8221; sticky_limit_bottom=&#8221;section&#8221; box_shadow_style=&#8221;preset1&#8243; border_radii=&#8221;on|10px|10px|10px|10px&#8221; sticky_enabled=&#8221;0&#8243;][et_pb_cta title=&#8221;L80 Heat and Cooling Eye Massager&#8221; _builder_version=&#8221;4.20.4&#8243; _module_preset=&#8221;default&#8221; header_text_color=&#8221;#061f5c&#8221; body_text_color=&#8221;#6B6B6B&#8221; background_enable_color=&#8221;off&#8221; custom_button=&#8221;on&#8221; button_bg_color=&#8221;#0C71C3&#8243; custom_margin=&#8221;||0px||false|false&#8221; custom_padding=&#8221;||0px||false|false&#8221; link_option_url=&#8221;#quote-popup-request&#8221; sticky_limit_bottom=&#8221;section&#8221; border_radii=&#8221;on|8px|8px|8px|8px&#8221; global_colors_info=&#8221;{}&#8221; theme_builder_area=&#8221;post_content&#8221;]<p>Enhance your product line with our premium L80 Eye Massager featuring cutting-edge heat and cooling technology. Contact with us for customized OEM and ODM options.<\/p>\n<p><img loading=\"lazy\" decoding=\"async\" src=\"https:\/\/eyemassagerdirect.com\/wp-content\/uploads\/2023\/03\/L80-eye-massager-featured-300x300.jpg\" width=\"300\" height=\"300\" alt=\"\" class=\"wp-image-354339 alignnone size-medium\" title=\"\"><\/p>[\/et_pb_cta][dsm_button button_one_text=&#8221;View Product&#8221; button_one_url=&#8221;@ET-DC@eyJkeW5hbWljIjp0cnVlLCJjb250ZW50IjoicG9zdF9saW5rX3VybF9wcm9kdWN0Iiwic2V0dGluZ3MiOnsicG9zdF9pZCI6IjM1NDMzMiJ9fQ==@&#8221; button_two_text=&#8221;Get a Quote&#8221; button_two_url=&#8221;#quote-popup-request&#8221; button_alignment=&#8221;center&#8221; _builder_version=&#8221;4.20.4&#8243; _dynamic_attributes=&#8221;button_one_url&#8221; _module_preset=&#8221;default&#8221; custom_button_one=&#8221;on&#8221; button_one_text_size=&#8221;17px&#8221; button_one_text_color=&#8221;#FFFFFF&#8221; button_one_bg_color=&#8221;#0C71C3&#8243; button_one_icon=&#8221;&#x24;||divi||400&#8243; custom_button_two=&#8221;on&#8221; button_two_text_size=&#8221;17px&#8221; button_two_border_width=&#8221;2px&#8221; button_two_border_radius=&#8221;0px&#8221; button_two_icon=&#8221;&#x24;||divi||400&#8243; custom_margin=&#8221;||30px||false|false&#8221; global_colors_info=&#8221;{}&#8221; theme_builder_area=&#8221;post_content&#8221;][\/dsm_button][\/et_pb_column][\/et_pb_row][\/et_pb_section][et_pb_section fb_built=&#8221;1&#8243; _builder_version=&#8221;4.20.2&#8243; background_color=&#8221;#0c71c3&#8243; use_background_color_gradient=&#8221;on&#8221; background_color_gradient_direction=&#8221;169deg&#8221; background_color_gradient_stops=&#8221;rgba(7,64,178,0.9) 0%|rgba(62,136,221,0.9) 100%&#8221; background_color_gradient_overlays_image=&#8221;on&#8221; background_color_gradient_start=&#8221;rgba(7,64,178,0.9)&#8221; background_color_gradient_end=&#8221;rgba(62,136,221,0.9)&#8221; background_image=&#8221;https:\/\/eyemassagerdirect.com\/wp-content\/uploads\/2023\/03\/header-bg.jpg&#8221; custom_margin=&#8221;||||false|false&#8221; custom_padding=&#8221;||||false|false&#8221; da_disable_devices=&#8221;off|off|off&#8221; global_module=&#8221;354743&#8243; global_colors_info=&#8221;{}&#8221; da_is_popup=&#8221;off&#8221; da_exit_intent=&#8221;off&#8221; da_has_close=&#8221;on&#8221; da_alt_close=&#8221;off&#8221; da_dark_close=&#8221;off&#8221; da_not_modal=&#8221;on&#8221; da_is_singular=&#8221;off&#8221; da_with_loader=&#8221;off&#8221; da_has_shadow=&#8221;on&#8221;][et_pb_row _builder_version=&#8221;4.16&#8243; custom_padding=&#8221;15px|0px|15px|0px|false|false&#8221; global_colors_info=&#8221;{}&#8221;][et_pb_column type=&#8221;4_4&#8243; _builder_version=&#8221;4.16&#8243; custom_padding=&#8221;|||&#8221; global_colors_info=&#8221;{}&#8221; custom_padding__hover=&#8221;|||&#8221;][et_pb_text _builder_version=&#8221;4.20.4&#8243; header_font=&#8221;||||||||&#8221; header_2_font=&#8221;|800|||||||&#8221; header_2_text_align=&#8221;center&#8221; header_2_text_color=&#8221;#FFFFFF&#8221; header_2_font_size=&#8221;38px&#8221; max_width=&#8221;50%&#8221; max_width_tablet=&#8221;100%&#8221; max_width_phone=&#8221;100%&#8221; max_width_last_edited=&#8221;on|phone&#8221; module_alignment=&#8221;center&#8221; custom_margin=&#8221;||10px&#8221; custom_padding=&#8221;35px||&#8221; global_colors_info=&#8221;{}&#8221;]<h2>Concentre-se no massageador de olhos por mais de 8 anos<\/h2>[\/et_pb_text][et_pb_text _builder_version=&#8221;4.20.4&#8243; _module_preset=&#8221;default&#8221; text_text_color=&#8221;#FFFFFF&#8221; text_orientation=&#8221;center&#8221; max_width=&#8221;50%&#8221; max_width_tablet=&#8221;100%&#8221; max_width_phone=&#8221;100%&#8221; max_width_last_edited=&#8221;on|desktop&#8221; module_alignment=&#8221;center&#8221; global_colors_info=&#8221;{}&#8221;]<p>Valorizamos seus coment\u00e1rios, coment\u00e1rios e perguntas e faremos o poss\u00edvel para responder prontamente. N\u00e3o hesite em nos contatar - estamos ansiosos para ouvir de voc\u00ea!<\/p>[\/et_pb_text][et_pb_button button_url=&#8221;@ET-DC@eyJkeW5hbWljIjp0cnVlLCJjb250ZW50IjoicG9zdF9saW5rX3VybF9wYWdlIiwic2V0dGluZ3MiOnsicG9zdF9pZCI6IjM1NDA1NyJ9fQ==@&#8221; button_text=&#8221;Contact Us Now&#8221; button_alignment=&#8221;center&#8221; _builder_version=&#8221;4.20.4&#8243; _dynamic_attributes=&#8221;button_url&#8221; _module_preset=&#8221;default&#8221; custom_button=&#8221;on&#8221; button_text_color=&#8221;#0C71C3&#8243; button_bg_color=&#8221;#FFFFFF&#8221; button_border_color=&#8221;#FFFFFF&#8221; button_font=&#8221;||||||||&#8221; global_colors_info=&#8221;{}&#8221;][\/et_pb_button][\/et_pb_column][\/et_pb_row][\/et_pb_section]","protected":false},"excerpt":{"rendered":"<p>Eye Massager Molding ServiceEye massager molding process, how to calculate the molding costServicesEye Massager Molding ServiceMolding process for an eye massager The molding process for an eye massager typically involves the following steps:<div class=\"et_pb_module dsm_content_timeline dsm_content_timeline_0\">\n\t\t\t\t\n\t\t\t\t\n\t\t\t\t\n\t\t\t\t\n\t\t\t\t\n\t\t\t\t\n\t\t\t\t<div class=\"et_pb_module_inner\">\n\t\t\t\t\t<div class=\"dsm-content-timeline-items-wrapper dsm-center\" data-tree-animation=\"off\" data-tree-animation-tablet=\"\" data-tree-animation-phone=\"\" data-image_lightbox=\"off\">\n\t\t\t<div class=\"dsm-content-timeline-tree\">\n\t\t\t\t\n\t\t\t<\/div>\n\t\t   \n\t\t<\/div>\n\t\t\n\t\t\t\t<\/div>\n\t\t\t<\/div><div class=\"dsm-content-timeline-item-wrapper dsm_content_timeline_child_0\">\n\t\t\t\t\n\t\t\t\t<div class=\"dsm-content-timeline-content-wrapper dsm_wrapper_dsm_content_timeline_child_0 dsm-visibility\">   \t\t\n\t\t\t\t\t\n\t\t\t\t\t\n\t\t\t\t\t\n\t\t\t\t\t<div class=\"dsm-timeline-content\">\n\t\t\t\t\t\t<h4 class=\"dsm-title\">&#8221;Design&#8221;<\/h4>\n\t\t\t\t\t\t<div class=\"dsm-description\">&#8221;The<\/div>\n\t\t\t\t\t\t\n\t\t\t\t\t\t\n\t\t\t\t\t<\/div>\t\n\t\t\t\t<\/div>\n\t\t\t\t<div class=\"dsm-pointer-wrapper\">\n\t\t\t\t\t\n\t\t\t\t\t\n\t\t\t\t<\/div>\n\t\t\t<\/div><\/p>","protected":false},"author":1,"featured_media":0,"parent":0,"menu_order":0,"comment_status":"closed","ping_status":"closed","template":"","meta":{"_et_pb_use_builder":"on","_et_pb_old_content":"<!-- wp:divi\/placeholder \/-->","_et_gb_content_width":"","footnotes":""},"_links":{"self":[{"href":"https:\/\/eyemassagerdirect.com\/pt\/wp-json\/wp\/v2\/pages\/354065"}],"collection":[{"href":"https:\/\/eyemassagerdirect.com\/pt\/wp-json\/wp\/v2\/pages"}],"about":[{"href":"https:\/\/eyemassagerdirect.com\/pt\/wp-json\/wp\/v2\/types\/page"}],"author":[{"embeddable":true,"href":"https:\/\/eyemassagerdirect.com\/pt\/wp-json\/wp\/v2\/users\/1"}],"replies":[{"embeddable":true,"href":"https:\/\/eyemassagerdirect.com\/pt\/wp-json\/wp\/v2\/comments?post=354065"}],"version-history":[{"count":17,"href":"https:\/\/eyemassagerdirect.com\/pt\/wp-json\/wp\/v2\/pages\/354065\/revisions"}],"predecessor-version":[{"id":355311,"href":"https:\/\/eyemassagerdirect.com\/pt\/wp-json\/wp\/v2\/pages\/354065\/revisions\/355311"}],"wp:attachment":[{"href":"https:\/\/eyemassagerdirect.com\/pt\/wp-json\/wp\/v2\/media?parent=354065"}],"curies":[{"name":"wp","href":"https:\/\/api.w.org\/{rel}","templated":true}]}}