{"id":354223,"date":"2023-03-28T12:06:19","date_gmt":"2023-03-28T12:06:19","guid":{"rendered":"http:\/\/eyemassagerdirect.com\/?page_id=354223"},"modified":"2023-05-27T06:27:23","modified_gmt":"2023-05-27T06:27:23","slug":"eye-massagers-in-stock","status":"publish","type":"page","link":"https:\/\/eyemassagerdirect.com\/pt\/eye-massagers-in-stock\/","title":{"rendered":"Massageadores de olhos em estoque"},"content":{"rendered":"<p>[et_pb_section fb_built=&#8221;1&#8243; next_background_color=&#8221;#ffffff&#8221; _builder_version=&#8221;4.20.4&#8243; use_background_color_gradient=&#8221;on&#8221; background_color_gradient_stops=&#8221;rgba(0,0,0,0.5) 0%|rgba(0,0,0,0.5) 100%&#8221; background_color_gradient_overlays_image=&#8221;on&#8221; background_color_gradient_start=&#8221;rgba(0,0,0,0.5)&#8221; background_color_gradient_end=&#8221;rgba(0,0,0,0.5)&#8221; background_image=&#8221;https:\/\/eyemassagerdirect.com\/wp-content\/uploads\/2023\/04\/20230414152338_bg.jpg&#8221; bottom_divider_style=&#8221;arrow2&#8243; da_disable_devices=&#8221;off|off|off&#8221; global_colors_info=&#8221;{}&#8221; da_is_popup=&#8221;off&#8221; da_exit_intent=&#8221;off&#8221; da_has_close=&#8221;on&#8221; da_alt_close=&#8221;off&#8221; da_dark_close=&#8221;off&#8221; da_not_modal=&#8221;on&#8221; da_is_singular=&#8221;off&#8221; da_with_loader=&#8221;off&#8221; da_has_shadow=&#8221;on&#8221;][et_pb_row _builder_version=&#8221;4.20.2&#8243; global_colors_info=&#8221;{}&#8221;][et_pb_column type=&#8221;4_4&#8243; _builder_version=&#8221;4.16&#8243; custom_padding=&#8221;|||&#8221; global_colors_info=&#8221;{}&#8221; custom_padding__hover=&#8221;|||&#8221;][et_pb_text _builder_version=&#8221;4.20.4&#8243; header_font=&#8221;||||||||&#8221; header_text_align=&#8221;center&#8221; header_text_color=&#8221;#FFFFFF&#8221; header_font_size=&#8221;56px&#8221; max_width=&#8221;640px&#8221; max_width_tablet=&#8221;&#8221; max_width_phone=&#8221;&#8221; max_width_last_edited=&#8221;on|tablet&#8221; module_alignment=&#8221;center&#8221; custom_margin=&#8221;||15px&#8221; custom_padding=&#8221;20px||8px&#8221; header_font_size_tablet=&#8221;&#8221; header_font_size_phone=&#8221;50px&#8221; header_font_size_last_edited=&#8221;on|phone&#8221; border_color_all=&#8221;#ffdf00&#8243; global_colors_info=&#8221;{}&#8221;]<\/p>\n<h1>Massageadores de olhos em estoque<\/h1>\n<p>[\/et_pb_text][et_pb_text _builder_version=&#8221;4.20.4&#8243; text_font=&#8221;||||||||&#8221; text_text_color=&#8221;#FFFFFF&#8221; text_font_size=&#8221;17px&#8221; header_font=&#8221;|700|||||||&#8221; header_2_font=&#8221;||||||||&#8221; header_2_text_align=&#8221;center&#8221; header_2_text_color=&#8221;#FFFFFF&#8221; header_2_font_size=&#8221;24px&#8221; text_orientation=&#8221;center&#8221; max_width=&#8221;80%&#8221; max_width_tablet=&#8221;80%&#8221; max_width_phone=&#8221;100%&#8221; max_width_last_edited=&#8221;on|phone&#8221; module_alignment=&#8221;center&#8221; custom_margin=&#8221;||25px&#8221; header_2_font_size_tablet=&#8221;&#8221; header_2_font_size_phone=&#8221;22px&#8221; header_2_font_size_last_edited=&#8221;on|phone&#8221; module_alignment_tablet=&#8221;center&#8221; module_alignment_phone=&#8221;center&#8221; module_alignment_last_edited=&#8221;on|tablet&#8221; global_colors_info=&#8221;{}&#8221;]<\/p>\n<p>Estoque de seguran\u00e7a para massageador de olhos, estoque pronto<\/p>\n<p>[\/et_pb_text][et_pb_button button_url=&#8221;@ET-DC@eyJkeW5hbWljIjp0cnVlLCJjb250ZW50IjoicG9zdF9saW5rX3VybF9wYWdlIiwic2V0dGluZ3MiOnsicG9zdF9pZCI6IjM1NDIzNyJ9fQ==@&#8221; button_text=&#8221;Featured Products&#8221; button_alignment=&#8221;center&#8221; _builder_version=&#8221;4.20.4&#8243; _dynamic_attributes=&#8221;button_url&#8221; _module_preset=&#8221;default&#8221; custom_button=&#8221;on&#8221; button_text_color=&#8221;#FFFFFF&#8221; button_bg_color=&#8221;#0C71C3&#8243; button_border_color=&#8221;#0C71C3&#8243; button_font=&#8221;|||on|||||&#8221; button_icon=&#8221;&#x24;||divi||400&#8243; global_colors_info=&#8221;{}&#8221;][\/et_pb_button][\/et_pb_column][\/et_pb_row][\/et_pb_section][et_pb_section fb_built=&#8221;1&#8243; _builder_version=&#8221;4.16&#8243; da_disable_devices=&#8221;off|off|off&#8221; global_colors_info=&#8221;{}&#8221; da_is_popup=&#8221;off&#8221; da_exit_intent=&#8221;off&#8221; da_has_close=&#8221;on&#8221; da_alt_close=&#8221;off&#8221; da_dark_close=&#8221;off&#8221; da_not_modal=&#8221;on&#8221; da_is_singular=&#8221;off&#8221; da_with_loader=&#8221;off&#8221; da_has_shadow=&#8221;on&#8221;][et_pb_row column_structure=&#8221;2_3,1_3&#8243; _builder_version=&#8221;4.16&#8243; custom_padding=&#8221;32px|0px|0|0px|false|false&#8221; global_colors_info=&#8221;{}&#8221;][et_pb_column type=&#8221;2_3&#8243; _builder_version=&#8221;4.16&#8243; custom_padding=&#8221;|||&#8221; global_colors_info=&#8221;{}&#8221; custom_padding__hover=&#8221;|||&#8221;][et_pb_text _builder_version=&#8221;4.20.2&#8243; text_font=&#8221;|700||on|||||&#8221; text_font_size=&#8221;18px&#8221; custom_margin=&#8221;||0px&#8221; global_colors_info=&#8221;{}&#8221;]<\/p>\n<p>Servi\u00e7os<\/p>\n<p>[\/et_pb_text][et_pb_divider color=&#8221;#0C71C3&#8243; divider_position=&#8221;center&#8221; divider_weight=&#8221;3px&#8221; _builder_version=&#8221;4.20.2&#8243; max_width=&#8221;29%&#8221; module_alignment=&#8221;left&#8221; custom_margin=&#8221;||2px&#8221; custom_padding=&#8221;||0px&#8221; global_colors_info=&#8221;{}&#8221;][\/et_pb_divider][et_pb_text _builder_version=&#8221;4.20.2&#8243; header_font=&#8221;|700|||||||&#8221; header_2_font=&#8221;|700|||||||&#8221; header_2_font_size_tablet=&#8221;&#8221; header_2_font_size_phone=&#8221;36px&#8221; header_2_font_size_last_edited=&#8221;on|phone&#8221; global_colors_info=&#8221;{}&#8221;]<\/p>\n<h2>Massageadores de olhos em estoque<\/h2>\n<p>[\/et_pb_text][\/et_pb_column][et_pb_column type=&#8221;1_3&#8243; _builder_version=&#8221;4.16&#8243; custom_padding=&#8221;|||&#8221; global_colors_info=&#8221;{}&#8221; custom_padding__hover=&#8221;|||&#8221;][\/et_pb_column][\/et_pb_row][et_pb_row column_structure=&#8221;2_3,1_3&#8243; _builder_version=&#8221;4.20.4&#8243; global_colors_info=&#8221;{}&#8221;][et_pb_column type=&#8221;2_3&#8243; _builder_version=&#8221;4.16&#8243; custom_padding=&#8221;|||&#8221; global_colors_info=&#8221;{}&#8221; custom_padding__hover=&#8221;|||&#8221;][et_pb_text _builder_version=&#8221;4.20.4&#8243; text_font=&#8221;||||||||&#8221; text_font_size=&#8221;16px&#8221; global_colors_info=&#8221;{}&#8221;]With the rise in demand, we have had to keep up with the market demand, ensuring that they always have enough stock to cater to their customers&#8217; needs. In this article, we will be discussing the safety stock, ready stock, and shipping time for eye massagers.<\/p>\n<h3>Estoque de seguran\u00e7a<\/h3>\n<p>Estoque de seguran\u00e7a \u00e9 um termo usado no gerenciamento de estoque para descrever a quantidade de estoque extra que uma empresa mant\u00e9m dispon\u00edvel para prote\u00e7\u00e3o contra eventos inesperados, como aumento da demanda, atrasos no fornecedor ou falha no equipamento. No caso de massageadores oculares, o estoque de seguran\u00e7a desempenha um papel cr\u00edtico para garantir que os clientes sempre tenham acesso aos produtos de que precisam.<\/p>\n<p>\u00c9 importante observar que o estoque de seguran\u00e7a n\u00e3o deve ser uma adi\u00e7\u00e3o permanente ao estoque. Em vez disso, \u00e9 uma medida tempor\u00e1ria destinada a preencher a lacuna entre o momento em que um pedido \u00e9 feito e o momento em que \u00e9 atendido. Para massageadores oculares, um n\u00edvel razo\u00e1vel de estoque de seguran\u00e7a seria suficiente para cobrir pedidos de algumas semanas. Isso garante que, mesmo que haja um aumento inesperado na demanda ou um atraso no processo de fabrica\u00e7\u00e3o, os clientes ainda possam receber seus produtos em tempo h\u00e1bil.<\/p>\n<h3>Estoque pronto<\/h3>\n<p>Estoque pronto refere-se ao estoque dispon\u00edvel para compra e envio imediatos. Quando uma empresa tem estoque pronto, significa que o produto j\u00e1 est\u00e1 produzido e armazenado em um dep\u00f3sito, esperando para ser enviado aos clientes. Esse tipo de estoque \u00e9 crucial para atender a demanda dos clientes, especialmente para produtos como massageadores oculares que est\u00e3o em alta demanda.<\/p>\n<p>For eye massager products in neutral packaging, we usually have 200 sets of spot safety stocks for each style. The cycle from material procurement to production of goods with neutral packaging is 7 working days. When a customer places an order for an eye massager, we can simply pull the product from their ready stock inventory and ship it out immediately. This reduces the lead time between when the order is placed and when the customer receives their product, which is a key factor in customer satisfaction.[\/et_pb_text][\/et_pb_column][et_pb_column type=&#8221;1_3&#8243; _builder_version=&#8221;4.20.4&#8243; custom_padding=&#8221;|||&#8221; sticky_position=&#8221;top&#8221; sticky_limit_bottom=&#8221;section&#8221; box_shadow_style=&#8221;preset1&#8243; global_colors_info=&#8221;{}&#8221; custom_padding__hover=&#8221;|||&#8221;][et_pb_cta title=&#8221;L80 Heat and Cooling Eye Massager&#8221; _builder_version=&#8221;4.20.4&#8243; _module_preset=&#8221;default&#8221; header_text_color=&#8221;#061f5c&#8221; body_text_color=&#8221;#6B6B6B&#8221; background_enable_color=&#8221;off&#8221; custom_button=&#8221;on&#8221; button_bg_color=&#8221;#0C71C3&#8243; custom_margin=&#8221;||0px||false|false&#8221; custom_padding=&#8221;||0px||false|false&#8221; link_option_url=&#8221;#quote-popup-request&#8221; sticky_limit_bottom=&#8221;section&#8221; border_radii=&#8221;on|8px|8px|8px|8px&#8221; global_colors_info=&#8221;{}&#8221;]<\/p>\n<p>Enhance your product line with our premium L80 Eye Massager featuring cutting-edge heat and cooling technology. Contact with us for customized OEM and ODM options.<\/p>\n<p><img loading=\"lazy\" decoding=\"async\" src=\"https:\/\/eyemassagerdirect.com\/wp-content\/uploads\/2023\/03\/L80-eye-massager-featured-300x300.jpg\" width=\"300\" height=\"300\" alt=\"\" class=\"wp-image-354339 alignnone size-medium\" title=\"\"><\/p>\n<p>[\/et_pb_cta][dsm_button button_one_text=&#8221;View Product&#8221; button_one_url=&#8221;@ET-DC@eyJkeW5hbWljIjp0cnVlLCJjb250ZW50IjoicG9zdF9saW5rX3VybF9wcm9kdWN0Iiwic2V0dGluZ3MiOnsicG9zdF9pZCI6IjM1NDMzMiJ9fQ==@&#8221; button_two_text=&#8221;Get a Quote&#8221; button_two_url=&#8221;#quote-popup-request&#8221; button_alignment=&#8221;center&#8221; _builder_version=&#8221;4.20.4&#8243; _dynamic_attributes=&#8221;button_one_url&#8221; _module_preset=&#8221;default&#8221; custom_button_one=&#8221;on&#8221; button_one_text_size=&#8221;17px&#8221; button_one_text_color=&#8221;#FFFFFF&#8221; button_one_bg_color=&#8221;#0C71C3&#8243; button_one_icon=&#8221;&#x24;||divi||400&#8243; custom_button_two=&#8221;on&#8221; button_two_text_size=&#8221;17px&#8221; button_two_border_width=&#8221;2px&#8221; button_two_border_radius=&#8221;0px&#8221; button_two_icon=&#8221;&#x24;||divi||400&#8243; custom_margin=&#8221;||30px||false|false&#8221; global_colors_info=&#8221;{}&#8221;][\/dsm_button][\/et_pb_column][\/et_pb_row][\/et_pb_section][et_pb_section fb_built=&#8221;1&#8243; admin_label=&#8221;Popup &#8211; #quote-popup-request&#8221; module_id=&#8221;quote-popup-request&#8221; module_class=&#8221;popup&#8221; _builder_version=&#8221;4.20.4&#8243; _module_preset=&#8221;default&#8221; max_width=&#8221;720px&#8221; max_width_tablet=&#8221;720px&#8221; max_width_phone=&#8221;720px&#8221; max_width_last_edited=&#8221;on|desktop&#8221; custom_padding=&#8221;0px||0px||true|false&#8221; da_is_popup=&#8221;on&#8221; da_popup_slug=&#8221;quote-popup-request&#8221; da_disable_devices=&#8221;off|off|off&#8221; border_radii=&#8221;on|10px|10px|10px|10px&#8221; global_colors_info=&#8221;{}&#8221; da_exit_intent=&#8221;off&#8221; da_has_close=&#8221;on&#8221; da_alt_close=&#8221;off&#8221; da_dark_close=&#8221;off&#8221; da_not_modal=&#8221;on&#8221; da_is_singular=&#8221;off&#8221; da_with_loader=&#8221;off&#8221; da_has_shadow=&#8221;on&#8221;][et_pb_row _builder_version=&#8221;4.20.2&#8243; _module_preset=&#8221;default&#8221; max_width=&#8221;720px&#8221; max_width_tablet=&#8221;720px&#8221; max_width_phone=&#8221;720px&#8221; max_width_last_edited=&#8221;on|phone&#8221; global_colors_info=&#8221;{}&#8221;][et_pb_column type=&#8221;4_4&#8243; _builder_version=&#8221;4.20.2&#8243; _module_preset=&#8221;default&#8221; global_colors_info=&#8221;{}&#8221;][et_pb_image src=&#8221;https:\/\/eyemassagerdirect.com\/wp-content\/uploads\/2023\/03\/L80-eye-massager-featured.jpg&#8221; title_text=&#8221;L80-eye-massager-featured&#8221; _builder_version=&#8221;4.20.4&#8243; _module_preset=&#8221;default&#8221; max_width=&#8221;50%&#8221; max_width_tablet=&#8221;50%&#8221; max_width_phone=&#8221;50%&#8221; max_width_last_edited=&#8221;on|phone&#8221; module_alignment=&#8221;center&#8221; global_colors_info=&#8221;{}&#8221;][\/et_pb_image][et_pb_blurb image=&#8221;https:\/\/eyemassagerdirect.com\/wp-content\/uploads\/2023\/03\/service-icon.jpg&#8221; icon_placement=&#8221;left&#8221; image_icon_width=&#8221;60px&#8221; image_icon_width_tablet=&#8221;60px&#8221; image_icon_width_phone=&#8221;60px&#8221; image_icon_width_last_edited=&#8221;on|phone&#8221; _builder_version=&#8221;4.20.4&#8243; _module_preset=&#8221;default&#8221; body_font_size=&#8221;17px&#8221; animation=&#8221;off&#8221; border_radii_image=&#8221;on|100px|100px|100px|100px&#8221; global_colors_info=&#8221;{}&#8221;]<\/p>\n<p>Interested in &#8220;L80 Heat and Cooling Eye Massager&#8221;? Leave us a message via the form below!<\/p>\n<p>[\/et_pb_blurb][et_pb_contact_form captcha=&#8221;off&#8221; email=&#8221;info@eyemassagerdirect.com&#8221; custom_message=&#8221;Name: %%Name%%||et_pb_line_break_holder||Email Address: %%Email%%||et_pb_line_break_holder||Message: %%Message%%||et_pb_line_break_holder||Landing page: %%page_name%%||et_pb_line_break_holder||Page URL: %%page_url%%&#8221; use_redirect=&#8221;on&#8221; redirect_url=&#8221;https:\/\/eyemassagerdirect.com\/thank-you\/&#8221; module_class=&#8221;pa-contact-form-submit-fullwidth&#8221; _builder_version=&#8221;4.20.2&#8243; _module_preset=&#8221;default&#8221; _unique_id=&#8221;4117b542-4a4b-40f0-ab47-7f2f1d93a345&#8243; custom_button=&#8221;on&#8221; button_text_color=&#8221;#FFFFFF&#8221; button_bg_color=&#8221;#0C71C3&#8243; button_border_color=&#8221;#0C71C3&#8243; button_icon=&#8221;&#x24;||divi||400&#8243; global_colors_info=&#8221;{}&#8221;][et_pb_contact_field field_id=&#8221;Name&#8221; field_title=&#8221;Name&#8221; fullwidth_field=&#8221;on&#8221; _builder_version=&#8221;4.20.2&#8243; global_colors_info=&#8221;{}&#8221; button_text_size__hover_enabled=&#8221;off&#8221; button_one_text_size__hover_enabled=&#8221;off&#8221; button_two_text_size__hover_enabled=&#8221;off&#8221; button_text_color__hover_enabled=&#8221;off&#8221; button_one_text_color__hover_enabled=&#8221;off&#8221; button_two_text_color__hover_enabled=&#8221;off&#8221; button_border_width__hover_enabled=&#8221;off&#8221; button_one_border_width__hover_enabled=&#8221;off&#8221; button_two_border_width__hover_enabled=&#8221;off&#8221; button_border_color__hover_enabled=&#8221;off&#8221; button_one_border_color__hover_enabled=&#8221;off&#8221; button_two_border_color__hover_enabled=&#8221;off&#8221; button_border_radius__hover_enabled=&#8221;off&#8221; button_one_border_radius__hover_enabled=&#8221;off&#8221; button_two_border_radius__hover_enabled=&#8221;off&#8221; button_letter_spacing__hover_enabled=&#8221;off&#8221; button_one_letter_spacing__hover_enabled=&#8221;off&#8221; button_two_letter_spacing__hover_enabled=&#8221;off&#8221; button_bg_color__hover_enabled=&#8221;off&#8221; button_one_bg_color__hover_enabled=&#8221;off&#8221; button_two_bg_color__hover_enabled=&#8221;off&#8221;][\/et_pb_contact_field][et_pb_contact_field field_id=&#8221;Email&#8221; field_title=&#8221;Email Address&#8221; field_type=&#8221;email&#8221; fullwidth_field=&#8221;on&#8221; _builder_version=&#8221;4.20.2&#8243; global_colors_info=&#8221;{}&#8221; button_text_size__hover_enabled=&#8221;off&#8221; button_one_text_size__hover_enabled=&#8221;off&#8221; button_two_text_size__hover_enabled=&#8221;off&#8221; button_text_color__hover_enabled=&#8221;off&#8221; button_one_text_color__hover_enabled=&#8221;off&#8221; button_two_text_color__hover_enabled=&#8221;off&#8221; button_border_width__hover_enabled=&#8221;off&#8221; button_one_border_width__hover_enabled=&#8221;off&#8221; button_two_border_width__hover_enabled=&#8221;off&#8221; button_border_color__hover_enabled=&#8221;off&#8221; button_one_border_color__hover_enabled=&#8221;off&#8221; button_two_border_color__hover_enabled=&#8221;off&#8221; button_border_radius__hover_enabled=&#8221;off&#8221; button_one_border_radius__hover_enabled=&#8221;off&#8221; button_two_border_radius__hover_enabled=&#8221;off&#8221; button_letter_spacing__hover_enabled=&#8221;off&#8221; button_one_letter_spacing__hover_enabled=&#8221;off&#8221; button_two_letter_spacing__hover_enabled=&#8221;off&#8221; button_bg_color__hover_enabled=&#8221;off&#8221; button_one_bg_color__hover_enabled=&#8221;off&#8221; button_two_bg_color__hover_enabled=&#8221;off&#8221;][\/et_pb_contact_field][et_pb_contact_field field_id=&#8221;Message&#8221; field_title=&#8221;Message&#8221; field_type=&#8221;text&#8221; fullwidth_field=&#8221;on&#8221; _builder_version=&#8221;4.20.2&#8243; global_colors_info=&#8221;{}&#8221; button_text_size__hover_enabled=&#8221;off&#8221; button_one_text_size__hover_enabled=&#8221;off&#8221; button_two_text_size__hover_enabled=&#8221;off&#8221; button_text_color__hover_enabled=&#8221;off&#8221; button_one_text_color__hover_enabled=&#8221;off&#8221; button_two_text_color__hover_enabled=&#8221;off&#8221; button_border_width__hover_enabled=&#8221;off&#8221; button_one_border_width__hover_enabled=&#8221;off&#8221; button_two_border_width__hover_enabled=&#8221;off&#8221; button_border_color__hover_enabled=&#8221;off&#8221; button_one_border_color__hover_enabled=&#8221;off&#8221; button_two_border_color__hover_enabled=&#8221;off&#8221; button_border_radius__hover_enabled=&#8221;off&#8221; button_one_border_radius__hover_enabled=&#8221;off&#8221; button_two_border_radius__hover_enabled=&#8221;off&#8221; button_letter_spacing__hover_enabled=&#8221;off&#8221; button_one_letter_spacing__hover_enabled=&#8221;off&#8221; button_two_letter_spacing__hover_enabled=&#8221;off&#8221; button_bg_color__hover_enabled=&#8221;off&#8221; button_one_bg_color__hover_enabled=&#8221;off&#8221; button_two_bg_color__hover_enabled=&#8221;off&#8221;][\/et_pb_contact_field][et_pb_contact_field field_id=&#8221;page_name&#8221; field_title=&#8221;Page Name&#8221; required_mark=&#8221;off&#8221; fullwidth_field=&#8221;on&#8221; _builder_version=&#8221;4.20.2&#8243; custom_css_main_element=&#8221;display: none !important;&#8221; global_colors_info=&#8221;{}&#8221; button_text_size__hover_enabled=&#8221;off&#8221; button_one_text_size__hover_enabled=&#8221;off&#8221; button_two_text_size__hover_enabled=&#8221;off&#8221; button_text_color__hover_enabled=&#8221;off&#8221; button_one_text_color__hover_enabled=&#8221;off&#8221; button_two_text_color__hover_enabled=&#8221;off&#8221; button_border_width__hover_enabled=&#8221;off&#8221; button_one_border_width__hover_enabled=&#8221;off&#8221; button_two_border_width__hover_enabled=&#8221;off&#8221; button_border_color__hover_enabled=&#8221;off&#8221; button_one_border_color__hover_enabled=&#8221;off&#8221; button_two_border_color__hover_enabled=&#8221;off&#8221; button_border_radius__hover_enabled=&#8221;off&#8221; button_one_border_radius__hover_enabled=&#8221;off&#8221; button_two_border_radius__hover_enabled=&#8221;off&#8221; button_letter_spacing__hover_enabled=&#8221;off&#8221; button_one_letter_spacing__hover_enabled=&#8221;off&#8221; button_two_letter_spacing__hover_enabled=&#8221;off&#8221; button_bg_color__hover_enabled=&#8221;off&#8221; button_one_bg_color__hover_enabled=&#8221;off&#8221; button_two_bg_color__hover_enabled=&#8221;off&#8221;][\/et_pb_contact_field][et_pb_contact_field field_id=&#8221;page_url&#8221; field_title=&#8221;Page URL&#8221; fullwidth_field=&#8221;on&#8221; _builder_version=&#8221;4.20.2&#8243; custom_css_main_element=&#8221;display: none !important;&#8221; global_colors_info=&#8221;{}&#8221; button_text_size__hover_enabled=&#8221;off&#8221; button_one_text_size__hover_enabled=&#8221;off&#8221; button_two_text_size__hover_enabled=&#8221;off&#8221; button_text_color__hover_enabled=&#8221;off&#8221; button_one_text_color__hover_enabled=&#8221;off&#8221; button_two_text_color__hover_enabled=&#8221;off&#8221; button_border_width__hover_enabled=&#8221;off&#8221; button_one_border_width__hover_enabled=&#8221;off&#8221; button_two_border_width__hover_enabled=&#8221;off&#8221; button_border_color__hover_enabled=&#8221;off&#8221; button_one_border_color__hover_enabled=&#8221;off&#8221; button_two_border_color__hover_enabled=&#8221;off&#8221; button_border_radius__hover_enabled=&#8221;off&#8221; button_one_border_radius__hover_enabled=&#8221;off&#8221; button_two_border_radius__hover_enabled=&#8221;off&#8221; button_letter_spacing__hover_enabled=&#8221;off&#8221; button_one_letter_spacing__hover_enabled=&#8221;off&#8221; button_two_letter_spacing__hover_enabled=&#8221;off&#8221; button_bg_color__hover_enabled=&#8221;off&#8221; button_one_bg_color__hover_enabled=&#8221;off&#8221; button_two_bg_color__hover_enabled=&#8221;off&#8221;][\/et_pb_contact_field][\/et_pb_contact_form][\/et_pb_column][\/et_pb_row][\/et_pb_section][et_pb_section fb_built=&#8221;1&#8243; _builder_version=&#8221;4.20.4&#8243; background_color=&#8221;#0c71c3&#8243; use_background_color_gradient=&#8221;on&#8221; background_color_gradient_direction=&#8221;169deg&#8221; background_color_gradient_stops=&#8221;rgba(7,64,178,0.9) 0%|rgba(62,136,221,0.9) 100%&#8221; background_color_gradient_overlays_image=&#8221;on&#8221; background_color_gradient_start=&#8221;rgba(7,64,178,0.9)&#8221; background_color_gradient_end=&#8221;rgba(62,136,221,0.9)&#8221; background_image=&#8221;https:\/\/eyemassagerdirect.com\/wp-content\/uploads\/2023\/04\/202302231353.jpg&#8221; custom_margin=&#8221;||||false|false&#8221; custom_padding=&#8221;||||false|false&#8221; da_disable_devices=&#8221;off|off|off&#8221; global_module=&#8221;354743&#8243; global_colors_info=&#8221;{}&#8221; da_is_popup=&#8221;off&#8221; da_exit_intent=&#8221;off&#8221; da_has_close=&#8221;on&#8221; da_alt_close=&#8221;off&#8221; da_dark_close=&#8221;off&#8221; da_not_modal=&#8221;on&#8221; da_is_singular=&#8221;off&#8221; da_with_loader=&#8221;off&#8221; da_has_shadow=&#8221;on&#8221;][et_pb_row _builder_version=&#8221;4.16&#8243; custom_padding=&#8221;15px|0px|15px|0px|false|false&#8221; global_colors_info=&#8221;{}&#8221;][et_pb_column type=&#8221;4_4&#8243; _builder_version=&#8221;4.16&#8243; custom_padding=&#8221;|||&#8221; global_colors_info=&#8221;{}&#8221; custom_padding__hover=&#8221;|||&#8221;][et_pb_text _builder_version=&#8221;4.20.4&#8243; header_font=&#8221;||||||||&#8221; header_2_font=&#8221;|800|||||||&#8221; header_2_text_align=&#8221;center&#8221; header_2_text_color=&#8221;#FFFFFF&#8221; header_2_font_size=&#8221;38px&#8221; max_width=&#8221;50%&#8221; max_width_tablet=&#8221;100%&#8221; max_width_phone=&#8221;100%&#8221; max_width_last_edited=&#8221;on|phone&#8221; module_alignment=&#8221;center&#8221; custom_margin=&#8221;||10px&#8221; custom_padding=&#8221;35px||&#8221; global_colors_info=&#8221;{}&#8221;]<\/p>\n<h2>Concentre-se no massageador de olhos por mais de 8 anos<\/h2>\n<p>[\/et_pb_text][et_pb_text _builder_version=&#8221;4.20.4&#8243; _module_preset=&#8221;default&#8221; text_text_color=&#8221;#FFFFFF&#8221; text_orientation=&#8221;center&#8221; max_width=&#8221;50%&#8221; max_width_tablet=&#8221;100%&#8221; max_width_phone=&#8221;100%&#8221; max_width_last_edited=&#8221;on|desktop&#8221; module_alignment=&#8221;center&#8221; global_colors_info=&#8221;{}&#8221;]<\/p>\n<p>Valorizamos seus coment\u00e1rios, coment\u00e1rios e perguntas e faremos o poss\u00edvel para responder prontamente. N\u00e3o hesite em nos contatar - estamos ansiosos para ouvir de voc\u00ea!<\/p>\n<p>[\/et_pb_text][et_pb_button button_url=&#8221;@ET-DC@eyJkeW5hbWljIjp0cnVlLCJjb250ZW50IjoicG9zdF9saW5rX3VybF9wYWdlIiwic2V0dGluZ3MiOnsicG9zdF9pZCI6IjM1NDA1NyJ9fQ==@&#8221; button_text=&#8221;Contact Us Now&#8221; button_alignment=&#8221;center&#8221; _builder_version=&#8221;4.20.4&#8243; _dynamic_attributes=&#8221;button_url&#8221; _module_preset=&#8221;default&#8221; custom_button=&#8221;on&#8221; button_text_color=&#8221;#0C71C3&#8243; button_bg_color=&#8221;#FFFFFF&#8221; button_border_color=&#8221;#FFFFFF&#8221; button_font=&#8221;||||||||&#8221; global_colors_info=&#8221;{}&#8221;][\/et_pb_button][\/et_pb_column][\/et_pb_row][\/et_pb_section]<\/p>","protected":false},"excerpt":{"rendered":"<p>Eye massagers in stockEye Massager Safety Stock, Ready StockServicesEye massagers in stockWith the rise in demand, we have had to keep up with the market demand, ensuring that they always have enough stock to cater to their customers&#8217; needs. In this article, we will be discussing the safety stock, ready stock, and shipping time for [&hellip;]<\/p>","protected":false},"author":1,"featured_media":0,"parent":0,"menu_order":0,"comment_status":"closed","ping_status":"closed","template":"","meta":{"_et_pb_use_builder":"on","_et_pb_old_content":"","_et_gb_content_width":"","footnotes":""},"_links":{"self":[{"href":"https:\/\/eyemassagerdirect.com\/pt\/wp-json\/wp\/v2\/pages\/354223"}],"collection":[{"href":"https:\/\/eyemassagerdirect.com\/pt\/wp-json\/wp\/v2\/pages"}],"about":[{"href":"https:\/\/eyemassagerdirect.com\/pt\/wp-json\/wp\/v2\/types\/page"}],"author":[{"embeddable":true,"href":"https:\/\/eyemassagerdirect.com\/pt\/wp-json\/wp\/v2\/users\/1"}],"replies":[{"embeddable":true,"href":"https:\/\/eyemassagerdirect.com\/pt\/wp-json\/wp\/v2\/comments?post=354223"}],"version-history":[{"count":33,"href":"https:\/\/eyemassagerdirect.com\/pt\/wp-json\/wp\/v2\/pages\/354223\/revisions"}],"predecessor-version":[{"id":355704,"href":"https:\/\/eyemassagerdirect.com\/pt\/wp-json\/wp\/v2\/pages\/354223\/revisions\/355704"}],"wp:attachment":[{"href":"https:\/\/eyemassagerdirect.com\/pt\/wp-json\/wp\/v2\/media?parent=354223"}],"curies":[{"name":"wp","href":"https:\/\/api.w.org\/{rel}","templated":true}]}}