{"id":354332,"date":"2023-04-25T10:00:29","date_gmt":"2023-04-25T10:00:29","guid":{"rendered":"http:\/\/eyemassagerdirect.com\/?post_type=product&#038;p=354332"},"modified":"2023-07-20T02:32:56","modified_gmt":"2023-07-20T02:32:56","slug":"l80-eye-massager-with-heat-and-cooling","status":"publish","type":"product","link":"https:\/\/eyemassagerdirect.com\/pt\/produto\/l80-eye-massager-with-heat-and-cooling\/","title":{"rendered":"Massageador de olhos L80 com calor e resfriamento"},"content":{"rendered":"<h2>Melhore suas ofertas de produtos com nosso massageador de olhos L80 com calor e resfriamento<\/h2>\n<p>Melhore suas ofertas de produtos com nosso L80 Eye Massager com recursos de calor e resfriamento. Este dispositivo de tratamento oftalmol\u00f3gico de ponta \u00e9 perfeito para parcerias B2B, oferecendo massagem relaxante para os olhos com recursos de calor e resfriamento. Impulsione o seu neg\u00f3cio com esta solu\u00e7\u00e3o inovadora para cuidados com os olhos. Entre em contato conosco para pedidos em massa e op\u00e7\u00f5es de personaliza\u00e7\u00e3o.<br \/>\n<strong>Parameters<\/strong><br \/>\nNome do produto: L80 Eye Massager com calor e resfriamento<br \/>\nTens\u00e3o nominal: 3,7 V<br \/>\nPot\u00eancia nominal: 3,5 W<br \/>\nCorrente de carga: 900mA<br \/>\nTemperatura somatossensorial da compressa de resfriamento: 19,5 \u2103 +\/-1 \u2103<br \/>\nTemperatura da compressa de calor: 42\u2103+\/-1\u2103<br \/>\nCapacidade da bateria: 2500mAh<br \/>\nTempo de carregamento: 3,5-4 horas<br \/>\nTamanho do produto: 210*115*80mm<br \/>\nPeso do produto: cerca de 445g<br \/>\nTamanho da embalagem: 187*187*87mm<br \/>\nQuantidade de embalagem: 20PCS\/box<\/p>\n<p>Destaques do massageador de olhos L80 com calor e resfriamento<\/p>\n<p><img decoding=\"async\" src=\"https:\/\/eyemassagerdirect.com\/wp-content\/uploads\/2023\/03\/L80-EY4.jpg\" alt=\"Destaques do massageador de olhos L80 com calor e resfriamento\" title=\"\"><\/p>\n<p>Massagem de amassamento de press\u00e3o de ar<\/p>\n<p><img decoding=\"async\" src=\"https:\/\/eyemassagerdirect.com\/wp-content\/uploads\/2023\/03\/8-LARG1.jpg\" alt=\"Air pressure kneeding massage\" title=\"\"><\/p>\n<p>Compressa de calor e resfriamento<\/p>\n<p><img decoding=\"async\" src=\"https:\/\/eyemassagerdirect.com\/wp-content\/uploads\/2023\/03\/COLD-A1.jpg\" alt=\"Compressa de calor e resfriamento\" title=\"\"><\/p>\n<p>V\u00e1rios modos de massagem<\/p>\n<p><img decoding=\"async\" src=\"https:\/\/eyemassagerdirect.com\/wp-content\/uploads\/2023\/03\/modes.jpg\" alt=\"V\u00e1rios modos de massagem\" title=\"\"><\/p>\n<p>2500mAh Bateria recarreg\u00e1vel de grande capacidade com porta tipo-c<\/p>\n<p><img decoding=\"async\" src=\"https:\/\/eyemassagerdirect.com\/wp-content\/uploads\/2023\/03\/RECHAR1.jpg\" alt=\"2500mAh Bateria recarreg\u00e1vel de grande capacidade com porta tipo-c\" title=\"\"><\/p>\n<p>m\u00fasica bluetooth<\/p>\n<p><img decoding=\"async\" src=\"https:\/\/eyemassagerdirect.com\/wp-content\/uploads\/2023\/03\/L80-EY2.jpg\" alt=\"m\u00fasica bluetooth\" title=\"\"><\/p>\n<p>Design dobr\u00e1vel<\/p>\n<p><img decoding=\"async\" src=\"https:\/\/eyemassagerdirect.com\/wp-content\/uploads\/2023\/03\/L80-EY3.jpg\" alt=\"Design dobr\u00e1vel\" title=\"\"><\/p>","protected":false},"excerpt":{"rendered":"<p>Aprimore sua linha de produtos com nosso massageador de olhos L80 premium com tecnologia de ponta em aquecimento e resfriamento. Entre em contato conosco para op\u00e7\u00f5es personalizadas de OEM e ODM. Informe-se agora! Forne\u00e7a aos seus clientes uma solu\u00e7\u00e3o de cuidados oculares de alta qualidade que alivia a fadiga ocular e reduz o incha\u00e7o.<\/p>\n<p><strong>Destaques do produto<\/strong><br \/>\nCompressa de Resfriamento<br \/>\nCompressa T\u00e9rmica 42\u00b0C<br \/>\nM\u00fasica integrada e m\u00fasica personaliz\u00e1vel por Bluetooth<br \/>\nTecido Premium<br \/>\nAl\u00e7a el\u00e1stica ajust\u00e1vel<br \/>\n180\u00b0 Dobr\u00e1vel<br \/>\nBateria de l\u00edtio recarreg\u00e1vel embutida, carregamento USB tipo C<\/p>\n<p><strong>Lead Time<\/strong><\/p>\n<table style=\"border-collapse: collapse; width: 289.52pt;\" border=\"1\" width=\"289.52pt\" cellspacing=\"0\" cellpadding=\"0\">\n<tbody>\n<tr style=\"height: 13.50pt;\">\n<td class=\"et2\" style=\"height: 13.5pt; width: 143.109px;\" height=\"18\">Quantity(Pieces)<\/td>\n<td class=\"et3\" style=\"width: 90.6719px;\">1-2000<\/td>\n<td class=\"et3\" style=\"width: 148.234px;\">&gt;2000<\/td>\n<\/tr>\n<tr style=\"height: 13.50pt;\">\n<td class=\"et2\" style=\"height: 13.5pt; width: 143.109px;\" height=\"18\">Est. Time(days)<\/td>\n<td class=\"et3\" style=\"width: 90.6719px;\">35<\/td>\n<td class=\"et3\" style=\"width: 148.234px;\">Negotiable<\/td>\n<\/tr>\n<\/tbody>\n<\/table>","protected":false},"featured_media":354339,"template":"","meta":{"_et_pb_use_builder":"","_et_pb_old_content":"","_et_gb_content_width":""},"product_cat":[26,101,25],"product_tag":[98,97,96,100,99],"_links":{"self":[{"href":"https:\/\/eyemassagerdirect.com\/pt\/wp-json\/wp\/v2\/product\/354332"}],"collection":[{"href":"https:\/\/eyemassagerdirect.com\/pt\/wp-json\/wp\/v2\/product"}],"about":[{"href":"https:\/\/eyemassagerdirect.com\/pt\/wp-json\/wp\/v2\/types\/product"}],"wp:featuredmedia":[{"embeddable":true,"href":"https:\/\/eyemassagerdirect.com\/pt\/wp-json\/wp\/v2\/media\/354339"}],"wp:attachment":[{"href":"https:\/\/eyemassagerdirect.com\/pt\/wp-json\/wp\/v2\/media?parent=354332"}],"wp:term":[{"taxonomy":"product_cat","embeddable":true,"href":"https:\/\/eyemassagerdirect.com\/pt\/wp-json\/wp\/v2\/product_cat?post=354332"},{"taxonomy":"product_tag","embeddable":true,"href":"https:\/\/eyemassagerdirect.com\/pt\/wp-json\/wp\/v2\/product_tag?post=354332"}],"curies":[{"name":"wp","href":"https:\/\/api.w.org\/{rel}","templated":true}]}}