{"id":354499,"date":"2023-04-23T09:00:18","date_gmt":"2023-04-23T09:00:18","guid":{"rendered":"http:\/\/eyemassagerdirect.com\/?post_type=product&#038;p=354499"},"modified":"2023-07-20T02:33:28","modified_gmt":"2023-07-20T02:33:28","slug":"l60-heat-and-cooling-eye-massager","status":"publish","type":"product","link":"https:\/\/eyemassagerdirect.com\/pt\/produto\/l60-heat-and-cooling-eye-massager\/","title":{"rendered":"L60 Massageador de olhos de calor e resfriamento"},"content":{"rendered":"<h2>Melhore o seu neg\u00f3cio B2B com o massageador de olhos de calor e resfriamento L60<\/h2>\n<p>A solu\u00e7\u00e3o perfeita para acalmar e rejuvenescer os olhos cansados. Este dispositivo de ponta oferece terapia de calor e resfriamento para reduzir a fadiga ocular, incha\u00e7o e olheiras.<br \/>\n<strong>Parameters<\/strong><br \/>\nNome do produto: Massageador de olhos de calor e resfriamento L60<br \/>\nTens\u00e3o nominal: 3,7 V<br \/>\nPot\u00eancia nominal: 3,5 W<br \/>\nCorrente de carga: 900mA<br \/>\nTemperatura somatossensorial da compressa de gelo: 19,5 \u2103 +\/-1 \u2103<br \/>\nTemperatura da compressa quente: 38\u2103+\/-1\u2103<br \/>\nCapacidade da bateria: 2500mAh<br \/>\nTempo de carregamento: 3,5-4 horas<br \/>\nTamanho do produto: 210*115*80mm<br \/>\nPeso do produto: cerca de 445g<br \/>\nTamanho da embalagem: 187*187*87mm<br \/>\nQuantidade de embalagem: 20PCS\/box<\/p>\n<p><img decoding=\"async\" src=\"https:\/\/eyemassagerdirect.com\/wp-content\/uploads\/2023\/03\/L60-heat-and-cooling-eye-massage-11.jpg\" alt=\"Destaques do massageador de olhos de calor e resfriamento L60\" title=\"\"><\/p>\n<p>Destaques do massageador de olhos de calor e resfriamento L60<\/p>\n<p><img decoding=\"async\" src=\"https:\/\/eyemassagerdirect.com\/wp-content\/uploads\/2023\/03\/L60-heat-and-cooling-eye-massage-09.jpg\" alt=\"Compressa de calor + compressa de resfriamento\" title=\"\"><\/p>\n<p>Compressa de calor + compressa de resfriamento<\/p>\n<p><img decoding=\"async\" src=\"https:\/\/eyemassagerdirect.com\/wp-content\/uploads\/2023\/03\/L60-heat-and-cooling-eye-massage-10.jpg\" alt=\"conectividade Bluetooth\" title=\"\"><\/p>\n<p>conectividade Bluetooth<\/p>\n<p><img decoding=\"async\" src=\"https:\/\/eyemassagerdirect.com\/wp-content\/uploads\/2023\/03\/L60-heat-and-cooling-eye-massage-08.jpg\" alt=\"Bateria recarreg\u00e1vel de grande capacidade de 2500mAh, carregamento tipo c\" title=\"\"><\/p>\n<p>Bateria recarreg\u00e1vel de grande capacidade de 2500mAh, carregamento tipo c<\/p>\n<p><img decoding=\"async\" src=\"https:\/\/eyemassagerdirect.com\/wp-content\/uploads\/2023\/03\/L60-heat-and-cooling-eye-massage-12.jpg\" alt=\"Design dobr\u00e1vel\" title=\"\"><\/p>\n<p>Design dobr\u00e1vel<\/p>","protected":false},"excerpt":{"rendered":"<p>Melhore o seu neg\u00f3cio B2B com o massageador de olhos L60 com calor e resfriamento - a solu\u00e7\u00e3o perfeita para acalmar e rejuvenescer os olhos cansados. Este dispositivo de ponta oferece terapia de calor e resfriamento para reduzir a fadiga ocular, incha\u00e7o e olheiras.<\/p>\n<p><strong>Destaques do produto<\/strong><br \/>\nCompressa de Resfriamento<br \/>\nCompressa Quente 42\u00b0C<br \/>\nM\u00fasica integrada e m\u00fasica personaliz\u00e1vel por Bluetooth<br \/>\nTecido Premium<br \/>\nAl\u00e7a el\u00e1stica ajust\u00e1vel<br \/>\n180\u00b0 Dobr\u00e1vel<br \/>\nBateria de l\u00edtio recarreg\u00e1vel embutida, carregamento USB tipo C<\/p>\n<p><strong>Lead Time<\/strong><\/p>\n<table style=\"border-collapse: collapse; width: 289.52pt;\" border=\"1\" width=\"289.52pt\" cellspacing=\"0\" cellpadding=\"0\">\n<tbody>\n<tr style=\"height: 13.50pt;\">\n<td class=\"et2\" style=\"height: 13.5pt; width: 143.109px;\" height=\"18\">Quantity(Pieces)<\/td>\n<td class=\"et3\" style=\"width: 90.6719px;\">1-2000<\/td>\n<td class=\"et3\" style=\"width: 148.234px;\">&gt;2000<\/td>\n<\/tr>\n<tr style=\"height: 13.50pt;\">\n<td class=\"et2\" style=\"height: 13.5pt; width: 143.109px;\" height=\"18\">Est. Time(days)<\/td>\n<td class=\"et3\" style=\"width: 90.6719px;\">35<\/td>\n<td class=\"et3\" style=\"width: 148.234px;\">Negotiable<\/td>\n<\/tr>\n<\/tbody>\n<\/table>","protected":false},"featured_media":354948,"template":"","meta":{"_et_pb_use_builder":"","_et_pb_old_content":"","_et_gb_content_width":""},"product_cat":[26,101,25],"product_tag":[97,96],"_links":{"self":[{"href":"https:\/\/eyemassagerdirect.com\/pt\/wp-json\/wp\/v2\/product\/354499"}],"collection":[{"href":"https:\/\/eyemassagerdirect.com\/pt\/wp-json\/wp\/v2\/product"}],"about":[{"href":"https:\/\/eyemassagerdirect.com\/pt\/wp-json\/wp\/v2\/types\/product"}],"wp:featuredmedia":[{"embeddable":true,"href":"https:\/\/eyemassagerdirect.com\/pt\/wp-json\/wp\/v2\/media\/354948"}],"wp:attachment":[{"href":"https:\/\/eyemassagerdirect.com\/pt\/wp-json\/wp\/v2\/media?parent=354499"}],"wp:term":[{"taxonomy":"product_cat","embeddable":true,"href":"https:\/\/eyemassagerdirect.com\/pt\/wp-json\/wp\/v2\/product_cat?post=354499"},{"taxonomy":"product_tag","embeddable":true,"href":"https:\/\/eyemassagerdirect.com\/pt\/wp-json\/wp\/v2\/product_tag?post=354499"}],"curies":[{"name":"wp","href":"https:\/\/api.w.org\/{rel}","templated":true}]}}