{"id":354500,"date":"2023-04-24T09:00:52","date_gmt":"2023-04-24T09:00:52","guid":{"rendered":"http:\/\/eyemassagerdirect.com\/?post_type=product&#038;p=354500"},"modified":"2023-07-20T02:33:09","modified_gmt":"2023-07-20T02:33:09","slug":"l20-hot-and-cold-eye-massager","status":"publish","type":"product","link":"https:\/\/eyemassagerdirect.com\/pt\/produto\/l20-hot-and-cold-eye-massager\/","title":{"rendered":"Massageador de olhos quente e frio L20"},"content":{"rendered":"<p><strong>Parameters<\/strong><br \/>\nNome do produto: Massageador de olhos quente e frio<br \/>\nTens\u00e3o nominal: 3,7 V<br \/>\nPot\u00eancia nominal: 3,5 W<br \/>\nCorrente de carga: 900mA<br \/>\nTemperatura somatossensorial da compressa de gelo: 19,5 \u2103 +\/-1 \u2103<br \/>\nTemperatura da compressa quente: 38\u2103+\/-1\u2103<br \/>\nCapacidade da bateria: 2500mAh<br \/>\nTempo de carregamento: 3,5-4 horas<br \/>\nTamanho do produto: 210*115*80mm<br \/>\nPeso do produto: cerca de 445g<br \/>\nTamanho da embalagem: 187*187*87mm<br \/>\nQuantidade de embalagem: 20PCS\/box<\/p>\n<p><strong>Detalhes do massageador de olhos quente e frio L20<\/strong><\/p>\n<p><img decoding=\"async\" src=\"https:\/\/eyemassagerdirect.com\/wp-content\/uploads\/2023\/05\/L20-heat-cooling-eye-massager.jpg\" alt=\"Compressa quente e fria\" title=\"\"><\/p>\n<p>Compressa quente e fria<\/p>\n<ul>\n<li>Uma compressa quente constante (104 \u2109 \u00b1 1,8 \u2109), adota tecnologia de efeito termoel\u00e9trico, maneira segura e eficaz de aliviar o incha\u00e7o, conjuntivite, dor nos olhos, enxaquecas e fadiga ocular.<\/li>\n<li>Uma compressa fria constante (67 \u2109 \u00b1 1,8 \u2109), melhora a circula\u00e7\u00e3o ocular e reduz a fadiga ocular, olheiras, \u00fatil para olhos secos.<\/li>\n<\/ul>\n<p><img loading=\"lazy\" decoding=\"async\" width=\"1000\" height=\"1000\" class=\"alignnone size-medium wp-image-355257\" src=\"https:\/\/eyemassagerdirect.com\/wp-content\/uploads\/2023\/03\/L20-Hot-and-Cold-Eye-Massager-003.jpg\" alt=\"L20 Hot and Cold Eye Massager 003\" title=\"\" srcset=\"https:\/\/eyemassagerdirect.com\/wp-content\/uploads\/2023\/03\/L20-Hot-and-Cold-Eye-Massager-003.jpg 1000w, https:\/\/eyemassagerdirect.com\/wp-content\/uploads\/2023\/03\/L20-Hot-and-Cold-Eye-Massager-003-980x980.jpg 980w, https:\/\/eyemassagerdirect.com\/wp-content\/uploads\/2023\/03\/L20-Hot-and-Cold-Eye-Massager-003-480x480.jpg 480w\" sizes=\"(min-width: 0px) and (max-width: 480px) 480px, (min-width: 481px) and (max-width: 980px) 980px, (min-width: 981px) 1000px, 100vw\" \/><br \/>\nMassagem de press\u00e3o de ar: O dispositivo usa press\u00e3o suave para massagear as p\u00e1lpebras, t\u00eamporas e \u00e1reas sob os olhos. A press\u00e3o do ar pode criar uma sensa\u00e7\u00e3o de pulsa\u00e7\u00e3o ou compress\u00e3o ao redor dos olhos, pode ajudar a estimular o fluxo sangu\u00edneo e proporcionar uma massagem suave na \u00e1rea dos olhos.<\/p>\n<p><img loading=\"lazy\" decoding=\"async\" width=\"1000\" height=\"1000\" class=\"alignnone size-medium wp-image-355259\" src=\"https:\/\/eyemassagerdirect.com\/wp-content\/uploads\/2023\/03\/L20-Hot-and-Cold-Eye-Massager-005.jpg\" alt=\"L20 Hot and Cold Eye Massager 005\" title=\"\" srcset=\"https:\/\/eyemassagerdirect.com\/wp-content\/uploads\/2023\/03\/L20-Hot-and-Cold-Eye-Massager-005.jpg 1000w, https:\/\/eyemassagerdirect.com\/wp-content\/uploads\/2023\/03\/L20-Hot-and-Cold-Eye-Massager-005-980x980.jpg 980w, https:\/\/eyemassagerdirect.com\/wp-content\/uploads\/2023\/03\/L20-Hot-and-Cold-Eye-Massager-005-480x480.jpg 480w\" sizes=\"(min-width: 0px) and (max-width: 480px) 480px, (min-width: 481px) and (max-width: 980px) 980px, (min-width: 981px) 1000px, 100vw\" \/><\/p>\n<p>Controle de um bot\u00e3o<\/p>\n<p><img loading=\"lazy\" decoding=\"async\" width=\"1000\" height=\"1000\" class=\"alignnone size-medium wp-image-355260\" src=\"https:\/\/eyemassagerdirect.com\/wp-content\/uploads\/2023\/03\/large-capacity-battery-usb-c-charging.jpg\" alt=\"L20 Hot and Cold Eye Massager 006\" title=\"\" srcset=\"https:\/\/eyemassagerdirect.com\/wp-content\/uploads\/2023\/03\/large-capacity-battery-usb-c-charging.jpg 1000w, https:\/\/eyemassagerdirect.com\/wp-content\/uploads\/2023\/03\/large-capacity-battery-usb-c-charging-980x980.jpg 980w, https:\/\/eyemassagerdirect.com\/wp-content\/uploads\/2023\/03\/large-capacity-battery-usb-c-charging-480x480.jpg 480w\" sizes=\"(min-width: 0px) and (max-width: 480px) 480px, (min-width: 481px) and (max-width: 980px) 980px, (min-width: 981px) 1000px, 100vw\" \/><\/p>\n<p>Bateria recarreg\u00e1vel, grande capacidade, carregamento tipo C<\/p>","protected":false},"excerpt":{"rendered":"<p>Massageador de olhos quente e frio L20 experi\u00eancia inteligente de ciclo quente e frio para os olhos, oferecemos servi\u00e7o ODM OEM de massageador de olhos de alta qualidade, obtenha uma cota\u00e7\u00e3o gratuita do massageador de olhos quentes e frios L20 agora.<br \/>\n<strong>Destaques do produto<\/strong><br \/>\nCaracter\u00edsticas do produto: compressa quente, compressa fria, press\u00e3o do ar, m\u00fasica Bluetooth, m\u00fasica embutida<\/p>\n<p>Features:<br \/>\n1. Pode ser dobrado em 180\u00b0, f\u00e1cil de transportar<br \/>\n2. O produto vem com m\u00fasica de medita\u00e7\u00e3o integrada<br \/>\n3. Pode usar o Bluetooth para reproduzir arquivos de \u00e1udio<br \/>\n4. Use o efeito Peltier do material termoel\u00e9trico da folha semicondutora para aquecer e resfriar para realizar compressas quentes e compressas de gelo<br \/>\n5. Controle a temperatura do produto atrav\u00e9s do elemento NTC interno do produto para manter a temperatura constante<br \/>\n6. H\u00e1 detec\u00e7\u00e3o de falha do componente NTC para evitar que a falha do NTC queime a pele<br \/>\n7. Experi\u00eancia de ciclo inteligente frio e quente<br \/>\n8. Air bag multicamada de ciclo inteligente amassando e pressionando<\/p>\n<p><strong>Lead Time<\/strong><\/p>\n<table style=\"border-collapse: collapse; width: 289.52pt;\" border=\"1\" width=\"289.52pt\" cellspacing=\"0\" cellpadding=\"0\">\n<tbody>\n<tr style=\"height: 13.50pt;\">\n<td class=\"et2\" style=\"height: 13.5pt; width: 143.109px;\" height=\"18\">Quantity(Pieces)<\/td>\n<td class=\"et3\" style=\"width: 90.6719px;\">1-2000<\/td>\n<td class=\"et3\" style=\"width: 148.234px;\">&gt;2000<\/td>\n<\/tr>\n<tr style=\"height: 13.50pt;\">\n<td class=\"et2\" style=\"height: 13.5pt; width: 143.109px;\" height=\"18\">Est. Time(days)<\/td>\n<td class=\"et3\" style=\"width: 90.6719px;\">35<\/td>\n<td class=\"et3\" style=\"width: 148.234px;\">Negotiable<\/td>\n<\/tr>\n<\/tbody>\n<\/table>","protected":false},"featured_media":355255,"template":"","meta":{"_et_pb_use_builder":"","_et_pb_old_content":"","_et_gb_content_width":""},"product_cat":[26,101,25],"product_tag":[98,110,109],"_links":{"self":[{"href":"https:\/\/eyemassagerdirect.com\/pt\/wp-json\/wp\/v2\/product\/354500"}],"collection":[{"href":"https:\/\/eyemassagerdirect.com\/pt\/wp-json\/wp\/v2\/product"}],"about":[{"href":"https:\/\/eyemassagerdirect.com\/pt\/wp-json\/wp\/v2\/types\/product"}],"wp:featuredmedia":[{"embeddable":true,"href":"https:\/\/eyemassagerdirect.com\/pt\/wp-json\/wp\/v2\/media\/355255"}],"wp:attachment":[{"href":"https:\/\/eyemassagerdirect.com\/pt\/wp-json\/wp\/v2\/media?parent=354500"}],"wp:term":[{"taxonomy":"product_cat","embeddable":true,"href":"https:\/\/eyemassagerdirect.com\/pt\/wp-json\/wp\/v2\/product_cat?post=354500"},{"taxonomy":"product_tag","embeddable":true,"href":"https:\/\/eyemassagerdirect.com\/pt\/wp-json\/wp\/v2\/product_tag?post=354500"}],"curies":[{"name":"wp","href":"https:\/\/api.w.org\/{rel}","templated":true}]}}