{"id":354501,"date":"2023-04-22T09:01:21","date_gmt":"2023-04-22T09:01:21","guid":{"rendered":"http:\/\/eyemassagerdirect.com\/?post_type=product&#038;p=354501"},"modified":"2023-07-20T02:33:47","modified_gmt":"2023-07-20T02:33:47","slug":"l90-vibration-eye-massager-with-heat-and-cooling","status":"publish","type":"product","link":"https:\/\/eyemassagerdirect.com\/pt\/produto\/l90-vibration-eye-massager-with-heat-and-cooling\/","title":{"rendered":"Massageador de olhos de vibra\u00e7\u00e3o L90 com calor e resfriamento"},"content":{"rendered":"<p><strong>Parameters<\/strong><br \/>\nNome do produto: Massageador de olhos de vibra\u00e7\u00e3o 3D com calor e resfriamento<br \/>\nModelo do produto: L90<br \/>\nTens\u00e3o nominal: 3,7 V<br \/>\nPot\u00eancia nominal: 12W<br \/>\nTens\u00e3o de entrada: 5V<br \/>\nCapacidade da bateria: 2000mAh<br \/>\nTamanho do produto: 215*89*89,5 mm<br \/>\nPeso nu: cerca de 310g<br \/>\nTempo de trabalho padr\u00e3o: 10 minutos\/(compressa fria por 6 minutos)<br \/>\nPorta de carregamento: porta TYPE-C<\/p>\n<p><img decoding=\"async\" src=\"https:\/\/eyemassagerdirect.com\/wp-content\/uploads\/2023\/03\/l90-fast-heating-and-cooling.jpg\" alt=\"Eye Massager with Heat and Cooling\" title=\"\"><\/p>\n<p>Massageador de olhos vibrat\u00f3rio L90 com recursos de aquecimento e resfriamento no sistema de controle de temperatura inteligente, aquecimento e resfriamento r\u00e1pidos.<\/p>\n<p><img decoding=\"async\" src=\"https:\/\/eyemassagerdirect.com\/wp-content\/uploads\/2023\/03\/l90-Cooling-and-Heating-cycle.jpg\" alt=\"Vibration Eye Massager\" title=\"\"><\/p>\n<p>Fa\u00e7a os olhos experimentarem o ciclo de calor e resfriamento.<\/p>\n<p><img decoding=\"async\" src=\"https:\/\/eyemassagerdirect.com\/wp-content\/uploads\/2023\/03\/12-touch-massage-points.jpg\" alt=\"Compressa de calor e resfriamento\" title=\"\"><\/p>\n<p>Compressa de calor e resfriamento, ao mesmo tempo, 12 vibradores de contato vibram em alta frequ\u00eancia, trazendo uma rica sensa\u00e7\u00e3o de relaxamento e al\u00edvio corporal. A combina\u00e7\u00e3o da terapia quente e fria ajuda a aliviar a tens\u00e3o muscular, reduzir a inflama\u00e7\u00e3o e promover a circula\u00e7\u00e3o sangu\u00ednea.<\/p>\n<p><img decoding=\"async\" src=\"https:\/\/eyemassagerdirect.com\/wp-content\/uploads\/2023\/03\/multiple-massage-modes-l90.jpg\" alt=\"5 modes\" title=\"\"><\/p>\n<p>O modo de 5 velocidades do dispositivo permite a manipula\u00e7\u00e3o precisa dos 12 contatos, simulando a sensa\u00e7\u00e3o suave e calmante do dedilhado do spa para relaxar a delicada \u00e1rea dos olhos. Os contatos s\u00e3o projetados para imitar a sensa\u00e7\u00e3o de dedos habilidosos, fornecendo press\u00e3o direcionada e controlada para os principais pontos de acupress\u00e3o ao redor dos olhos. Isso ajuda a estimular o fluxo sangu\u00edneo, aliviar a tens\u00e3o e promover o relaxamento, deixando a \u00e1rea dos olhos revigorada e revitalizada.<\/p>\n<p><img decoding=\"async\" src=\"https:\/\/eyemassagerdirect.com\/wp-content\/uploads\/2023\/03\/L90-one-button-operation.jpg\" alt=\"one button operation\" title=\"\"><\/p>\n<p>Os sistemas de controle de um bot\u00e3o oferecem uma interface simples e intuitiva para os usu\u00e1rios.<\/p>\n<p><img decoding=\"async\" src=\"https:\/\/eyemassagerdirect.com\/wp-content\/uploads\/2023\/03\/L90-bluetooth-music.jpg\" alt=\"bluetooth music\" title=\"\"><\/p>\n<p>The Bluetooth feature allows uers to connect their smartphone, tablet, or any other Bluetooth-enabled device to the eye massager. Once connected, they can stream their favorite music or audiobook directly to the massager&#8217;s built-in speakers.<\/p>\n<p><img decoding=\"async\" src=\"https:\/\/eyemassagerdirect.com\/wp-content\/uploads\/2023\/03\/usb-c-charging-battery-l90.jpg\" alt=\"usb-c charging\" title=\"\"><\/p>\n<p>A inclus\u00e3o de uma bateria recarreg\u00e1vel integrada de 2000 mAh e uma porta de carregamento USB tipo C neste massageador de olhos aprimora sua portabilidade, conveni\u00eancia e ecologicamente correto, tornando-o uma escolha pr\u00e1tica e f\u00e1cil de usar para quem procura uma solu\u00e7\u00e3o eficaz e pr\u00e1tica. experi\u00eancia gratuita de massagem nos olhos.<\/p>","protected":false},"excerpt":{"rendered":"<p>Massageador de olhos de vibra\u00e7\u00e3o L90 com calor e resfriamento Servi\u00e7o OEM ODM, melhore seu neg\u00f3cio de massageador de olhos com L90 Vibration Eye Massager com calor e resfriamento, L90 \u00e9 uma \u00f3tima combina\u00e7\u00e3o de vibra\u00e7\u00e3o 3D, compressa de calor, compressa de resfriamento, m\u00fasica Bluetooth e m\u00fasica embutida. Fa\u00e7a um or\u00e7amento gr\u00e1tis agora.<br \/>\n<strong>Destaques do produto<\/strong><\/p>\n<p>vibra\u00e7\u00e3o 3D<br \/>\nCompressa de calor<br \/>\nCompressa refrescante<br \/>\nm\u00fasica bluetooth<br \/>\nM\u00fasica integrada<br \/>\n5 modos<\/p>\n<ul>\n<li>Modo de beleza: vibra\u00e7\u00e3o multifrequ\u00eancia + m\u00fasica<\/li>\n<li>Modo de olho de amor: vibra\u00e7\u00e3o de ritmo + m\u00fasica<\/li>\n<li>Modo de prote\u00e7\u00e3o ocular: vibra\u00e7\u00e3o suave + m\u00fasica<\/li>\n<li>Modo de suspens\u00e3o: vibra\u00e7\u00e3o surround + m\u00fasica<\/li>\n<li>Modo quente e frio: ciclo quente e frio + m\u00fasica<\/li>\n<\/ul>\n<p><strong>Lead Time<\/strong><\/p>\n<table style=\"border-collapse: collapse; width: 289.52pt;\" border=\"1\" width=\"289.52pt\" cellspacing=\"0\" cellpadding=\"0\">\n<tbody>\n<tr style=\"height: 13.50pt;\">\n<td class=\"et2\" style=\"height: 13.5pt; width: 143.109px;\" height=\"18\">Quantity(Pieces)<\/td>\n<td class=\"et3\" style=\"width: 90.6719px;\">1-2000<\/td>\n<td class=\"et3\" style=\"width: 148.234px;\">&gt;2000<\/td>\n<\/tr>\n<tr style=\"height: 13.50pt;\">\n<td class=\"et2\" style=\"height: 13.5pt; width: 143.109px;\" height=\"18\">Est. Time(days)<\/td>\n<td class=\"et3\" style=\"width: 90.6719px;\">35<\/td>\n<td class=\"et3\" style=\"width: 148.234px;\">Negotiable<\/td>\n<\/tr>\n<\/tbody>\n<\/table>","protected":false},"featured_media":355138,"template":"","meta":{"_et_pb_use_builder":"","_et_pb_old_content":"","_et_gb_content_width":""},"product_cat":[26,101,25,27],"product_tag":[104,97,96,105],"_links":{"self":[{"href":"https:\/\/eyemassagerdirect.com\/pt\/wp-json\/wp\/v2\/product\/354501"}],"collection":[{"href":"https:\/\/eyemassagerdirect.com\/pt\/wp-json\/wp\/v2\/product"}],"about":[{"href":"https:\/\/eyemassagerdirect.com\/pt\/wp-json\/wp\/v2\/types\/product"}],"wp:featuredmedia":[{"embeddable":true,"href":"https:\/\/eyemassagerdirect.com\/pt\/wp-json\/wp\/v2\/media\/355138"}],"wp:attachment":[{"href":"https:\/\/eyemassagerdirect.com\/pt\/wp-json\/wp\/v2\/media?parent=354501"}],"wp:term":[{"taxonomy":"product_cat","embeddable":true,"href":"https:\/\/eyemassagerdirect.com\/pt\/wp-json\/wp\/v2\/product_cat?post=354501"},{"taxonomy":"product_tag","embeddable":true,"href":"https:\/\/eyemassagerdirect.com\/pt\/wp-json\/wp\/v2\/product_tag?post=354501"}],"curies":[{"name":"wp","href":"https:\/\/api.w.org\/{rel}","templated":true}]}}