{"id":354502,"date":"2023-04-21T08:01:51","date_gmt":"2023-04-21T08:01:51","guid":{"rendered":"http:\/\/eyemassagerdirect.com\/?post_type=product&#038;p=354502"},"modified":"2023-05-05T10:45:43","modified_gmt":"2023-05-05T10:45:43","slug":"e90-vibration-eye-massager-with-heat","status":"publish","type":"product","link":"https:\/\/eyemassagerdirect.com\/pt\/produto\/e90-vibration-eye-massager-with-heat\/","title":{"rendered":"Massageador de olhos de vibra\u00e7\u00e3o E90 com calor"},"content":{"rendered":"<p><strong>Parameters<\/strong><br \/>\nNome do produto: massageador de olhos E90 3D com calor<br \/>\nTens\u00e3o nominal: 3,7 V<br \/>\nPot\u00eancia nominal: 2,5 W<br \/>\nTens\u00e3o de entrada: 5V<br \/>\nCapacidade da bateria: 1200mAh<br \/>\nTamanho do produto: 183*73*72mm<br \/>\nPeso nu: cerca de 230g<br \/>\nTamanho da embalagem: 221*121*86mm<br \/>\nTamanho da caixa externa: 455*260*465<\/p>\n<p><img decoding=\"async\" src=\"https:\/\/eyemassagerdirect.com\/wp-content\/uploads\/2023\/03\/VibWave-massage-system-point-to-point.jpg\" alt=\"\" title=\"\"><\/p>\n<p>Este \u00e9 um massageador de olhos avan\u00e7ado que integra massagem de vibra\u00e7\u00e3o ponto a ponto e fun\u00e7\u00f5es de compressa quente.<\/p>\n<p><img decoding=\"async\" src=\"https:\/\/eyemassagerdirect.com\/wp-content\/uploads\/2023\/03\/16-soft-massage-touch-points.jpg\" alt=\"\" title=\"\"><\/p>\n<p>Este massageador de olhos est\u00e1 equipado com 16 contatos de massagem de vibra\u00e7\u00e3o de silicone macio, projetados para proporcionar uma experi\u00eancia de massagem suave e eficaz. O material de silicone \u00e9 suave para a delicada pele ao redor dos olhos, garantindo m\u00e1ximo conforto e seguran\u00e7a durante o uso.<\/p>\n<p><img decoding=\"async\" src=\"https:\/\/eyemassagerdirect.com\/wp-content\/uploads\/2023\/03\/Warm-compresses-under-the-eyes.jpg\" alt=\"\" title=\"\"><\/p>\n<p>Os tr\u00eas contatos localizados abaixo do massageador ocular tamb\u00e9m possuem uma fun\u00e7\u00e3o de aquecimento integrada, adicionando uma dimens\u00e3o extra de efic\u00e1cia ao dispositivo. O calor suave gerado pela fun\u00e7\u00e3o de aquecimento ajuda a aumentar a circula\u00e7\u00e3o sangu\u00ednea ao redor dos olhos, promovendo a drenagem linf\u00e1tica e reduzindo o aparecimento de olheiras e bolsas sob os olhos.<\/p>\n<p><img decoding=\"async\" src=\"https:\/\/eyemassagerdirect.com\/wp-content\/uploads\/2023\/03\/1-button-but-3-functions.jpg\" alt=\"\" title=\"\"><\/p>\n<p>This eye massager is designed with simplicity and convenience in mind, featuring an easy-to-use one-button control system. With just one button, you can turn the massager on or off, adjust the vibration intensity, and activate or deactivate the heating function. The simple control system makes it easy to operate the massager, even if you&#8217;ve never used one before.<\/p>\n<p><img decoding=\"async\" src=\"https:\/\/eyemassagerdirect.com\/wp-content\/uploads\/2023\/03\/Relaxing-massage-without-blocking-the-view.jpg\" alt=\"\" title=\"\"><\/p>\n<p>The innovative design of this eye massager includes a unique hollowed-out area at the front, which ensures that the massager does not completely block the line of sight. This means that when you wear the massager, you won&#8217;t be in a &#8220;blind&#8221; state, and you can still see what&#8217;s going on around you.<\/p>\n<p><img decoding=\"async\" src=\"https:\/\/eyemassagerdirect.com\/wp-content\/uploads\/2023\/03\/bluetooth-music-audiobook.jpg\" alt=\"\" title=\"\"><\/p>\n<p>The Bluetooth feature allows uers to connect their smartphone, tablet, or any other Bluetooth-enabled device to the eye massager. Once connected, they can stream their favorite music or audiobook directly to the massager&#8217;s built-in speakers.<\/p>\n<p><img decoding=\"async\" src=\"https:\/\/eyemassagerdirect.com\/wp-content\/uploads\/2023\/03\/Cordless-foldable.jpg\" alt=\"\" title=\"\"><\/p>\n<p>Seu recurso dobr\u00e1vel facilita o armazenamento e o transporte, o que \u00e9 perfeito para uso em movimento. Voc\u00ea pode simplesmente dobr\u00e1-lo e coloc\u00e1-lo em sua bolsa ou bolsa, tornando-o um \u00f3timo companheiro de viagem.<\/p>","protected":false},"excerpt":{"rendered":"<p>Massageador de olhos de vibra\u00e7\u00e3o E90 com servi\u00e7o OEM ODM de calor, aprimore seu neg\u00f3cio de massageadores de olhos com pedidos em massa de massageadores de olhos de vibra\u00e7\u00e3o E90. Fa\u00e7a um or\u00e7amento gratuito, agora!<br \/>\n<strong>Destaques do produto<\/strong><br \/>\nFun\u00e7\u00e3o: Vibra\u00e7\u00e3o, m\u00fasica Bluetooth e m\u00fasica embutida, compressa de calor<br \/>\nDesign visual<br \/>\n16 motores em miniatura s\u00e3o equipados com cabe\u00e7as de massagem de silicone ecol\u00f3gicas<br \/>\nControle inteligente de conex\u00e3o Bluetooth, sincroniza\u00e7\u00e3o de m\u00fasica em massa do telefone m\u00f3vel<br \/>\nAdapte-se \u00e0 resson\u00e2ncia de \u00e1udio, cada m\u00fasica tem uma experi\u00eancia de massagem diferente<br \/>\n6 cabe\u00e7as de massagem com compressa de calor de temperatura constante<\/p>\n<p><strong>Lead Time<\/strong><\/p>\n<table style=\"border-collapse: collapse; width: 289.52pt;\" border=\"1\" width=\"289.52pt\" cellspacing=\"0\" cellpadding=\"0\">\n<tbody>\n<tr style=\"height: 13.50pt;\">\n<td class=\"et2\" style=\"height: 13.5pt; width: 143.109px;\" height=\"18\">Quantity(Pieces)<\/td>\n<td class=\"et3\" style=\"width: 90.6719px;\">1-2000<\/td>\n<td class=\"et3\" style=\"width: 148.234px;\">&gt;2000<\/td>\n<\/tr>\n<tr style=\"height: 13.50pt;\">\n<td class=\"et2\" style=\"height: 13.5pt; width: 143.109px;\" height=\"18\">Est. Time(days)<\/td>\n<td class=\"et3\" style=\"width: 90.6719px;\">35<\/td>\n<td class=\"et3\" style=\"width: 148.234px;\">Negotiable<\/td>\n<\/tr>\n<\/tbody>\n<\/table>","protected":false},"featured_media":355242,"template":"","meta":{"_et_pb_use_builder":"","_et_pb_old_content":"","_et_gb_content_width":""},"product_cat":[27,24,25],"product_tag":[104,98,96,105],"_links":{"self":[{"href":"https:\/\/eyemassagerdirect.com\/pt\/wp-json\/wp\/v2\/product\/354502"}],"collection":[{"href":"https:\/\/eyemassagerdirect.com\/pt\/wp-json\/wp\/v2\/product"}],"about":[{"href":"https:\/\/eyemassagerdirect.com\/pt\/wp-json\/wp\/v2\/types\/product"}],"wp:featuredmedia":[{"embeddable":true,"href":"https:\/\/eyemassagerdirect.com\/pt\/wp-json\/wp\/v2\/media\/355242"}],"wp:attachment":[{"href":"https:\/\/eyemassagerdirect.com\/pt\/wp-json\/wp\/v2\/media?parent=354502"}],"wp:term":[{"taxonomy":"product_cat","embeddable":true,"href":"https:\/\/eyemassagerdirect.com\/pt\/wp-json\/wp\/v2\/product_cat?post=354502"},{"taxonomy":"product_tag","embeddable":true,"href":"https:\/\/eyemassagerdirect.com\/pt\/wp-json\/wp\/v2\/product_tag?post=354502"}],"curies":[{"name":"wp","href":"https:\/\/api.w.org\/{rel}","templated":true}]}}