{"id":354503,"date":"2023-03-30T09:02:16","date_gmt":"2023-03-30T09:02:16","guid":{"rendered":"http:\/\/eyemassagerdirect.com\/?post_type=product&#038;p=354503"},"modified":"2023-06-01T03:57:38","modified_gmt":"2023-06-01T03:57:38","slug":"968-air-pressure-eye-massager-with-heat-compress","status":"publish","type":"product","link":"https:\/\/eyemassagerdirect.com\/pt\/produto\/968-air-pressure-eye-massager-with-heat-compress\/","title":{"rendered":"968 Massageador de Olhos de Press\u00e3o de Ar com Compressa de Calor"},"content":{"rendered":"<p><strong>Parameters<\/strong><br \/>\nNome do produto: 968 massageador de olhos de press\u00e3o de ar com compressa de calor<br \/>\nTens\u00e3o nominal: 3,7 V<br \/>\nPot\u00eancia nominal: 4,5 W<br \/>\nTens\u00e3o de entrada: 5V<br \/>\nCapacidade da bateria: 800mAh<br \/>\nTamanho do produto: 235*105*82mm<br \/>\nPeso nu: cerca de 300g<br \/>\nTempo de trabalho padr\u00e3o: 10 minutos<br \/>\nInterface de carregamento: interface Tipo-C<br \/>\nTamanho da embalagem: 203*133*94mm<br \/>\nTamanho da caixa exterior: 492*284*425mm<\/p>\n<p>Compressa quente de temperatura constante<br \/>\n<img decoding=\"async\" src=\"https:\/\/eyemassagerdirect.com\/wp-content\/uploads\/2023\/03\/968-air-pressure-Eye-Massager-With-Heat_3.jpg\" alt=\"Compressa quente de temperatura constante\" title=\"\"><\/p>\n<p>Massagem de press\u00e3o de ar<br \/>\n<img decoding=\"async\" src=\"https:\/\/eyemassagerdirect.com\/wp-content\/uploads\/2023\/03\/968-air-pressure-Eye-Massager-With-Heat_2.jpg\" alt=\"Massagem de press\u00e3o de ar\" title=\"\"><\/p>\n<p>M\u00fasica integrada e m\u00fasica personaliz\u00e1vel por Bluetooth<br \/>\n<img decoding=\"async\" src=\"https:\/\/eyemassagerdirect.com\/wp-content\/uploads\/2023\/03\/968-air-pressure-Eye-Massager-With-Heat_7.jpg\" alt=\"M\u00fasica integrada e m\u00fasica personaliz\u00e1vel por Bluetooth\" title=\"\"><\/p>\n<p>Tecido Premium<br \/>\n<img decoding=\"async\" src=\"https:\/\/eyemassagerdirect.com\/wp-content\/uploads\/2023\/03\/968-air-pressure-Eye-Massager-With-Heat_5.jpg\" alt=\"Tecido Premium\" title=\"\"><\/p>\n<p>Al\u00e7a el\u00e1stica ajust\u00e1vel<br \/>\n<img decoding=\"async\" src=\"https:\/\/eyemassagerdirect.com\/wp-content\/uploads\/2023\/03\/968-air-pressure-Eye-Massager-With-Heat_05.jpg\" alt=\"Al\u00e7a el\u00e1stica ajust\u00e1vel\" title=\"\"><\/p>\n<p>180\u00b0 Dobr\u00e1vel<br \/>\n<img decoding=\"async\" src=\"https:\/\/eyemassagerdirect.com\/wp-content\/uploads\/2023\/03\/968-air-pressure-Eye-Massager-With-Heat_02.jpg\" alt=\"180\u00b0 Dobr\u00e1vel\" title=\"\"><\/p>\n<p>Bateria de l\u00edtio recarreg\u00e1vel embutida, carregamento USB tipo C<br \/>\n<img decoding=\"async\" src=\"https:\/\/eyemassagerdirect.com\/wp-content\/uploads\/2023\/03\/968-air-pressure-Eye-Massager-With-Heat_04.jpg\" alt=\"Bateria de l\u00edtio recarreg\u00e1vel embutida, carregamento USB tipo C\" title=\"\"><\/p>","protected":false},"excerpt":{"rendered":"<p>Massageador de olhos de press\u00e3o de ar com compressa de calor Servi\u00e7o OEM ODM, fornecimento direto da f\u00e1brica, 968 recursos de massageador de olhos em: compressa quente de temperatura constante, massagem de press\u00e3o de ar, m\u00fasica de medita\u00e7\u00e3o.<br \/>\n<strong>Destaques do produto<\/strong><br \/>\nCaracter\u00edsticas do produto: compressa quente de temperatura constante, massagem de press\u00e3o de ar, m\u00fasica de medita\u00e7\u00e3o<br \/>\nM\u00fasica integrada e m\u00fasica personaliz\u00e1vel por Bluetooth<br \/>\nTecido Premium<br \/>\nAl\u00e7a el\u00e1stica ajust\u00e1vel<br \/>\n180\u00b0 Dobr\u00e1vel<br \/>\nBateria de l\u00edtio recarreg\u00e1vel embutida, carregamento USB tipo C<\/p>\n<p><strong>Three modes:<\/strong><br \/>\nModo autom\u00e1tico: press\u00e3o de ar + compressa quente + m\u00fasica<br \/>\nModo de vitalidade: press\u00e3o do ar + m\u00fasica<br \/>\nModo de suspens\u00e3o: compressa quente + m\u00fasica<\/p>\n<p><strong>Lead Time<\/strong><\/p>\n<table style=\"border-collapse: collapse; width: 289.52pt;\" border=\"1\" width=\"289.52pt\" cellspacing=\"0\" cellpadding=\"0\">\n<tbody>\n<tr style=\"height: 13.50pt;\">\n<td class=\"et2\" style=\"height: 13.5pt; width: 143.109px;\" height=\"18\">Quantity(Pieces)<\/td>\n<td class=\"et3\" style=\"width: 90.6719px;\">1-2000<\/td>\n<td class=\"et3\" style=\"width: 148.234px;\">&gt;2000<\/td>\n<\/tr>\n<tr style=\"height: 13.50pt;\">\n<td class=\"et2\" style=\"height: 13.5pt; width: 143.109px;\" height=\"18\">Est. Time(days)<\/td>\n<td class=\"et3\" style=\"width: 90.6719px;\">35<\/td>\n<td class=\"et3\" style=\"width: 148.234px;\">Negotiable<\/td>\n<\/tr>\n<\/tbody>\n<\/table>","protected":false},"featured_media":355286,"template":"","meta":{"_et_pb_use_builder":"","_et_pb_old_content":"","_et_gb_content_width":""},"product_cat":[25],"product_tag":[111],"_links":{"self":[{"href":"https:\/\/eyemassagerdirect.com\/pt\/wp-json\/wp\/v2\/product\/354503"}],"collection":[{"href":"https:\/\/eyemassagerdirect.com\/pt\/wp-json\/wp\/v2\/product"}],"about":[{"href":"https:\/\/eyemassagerdirect.com\/pt\/wp-json\/wp\/v2\/types\/product"}],"wp:featuredmedia":[{"embeddable":true,"href":"https:\/\/eyemassagerdirect.com\/pt\/wp-json\/wp\/v2\/media\/355286"}],"wp:attachment":[{"href":"https:\/\/eyemassagerdirect.com\/pt\/wp-json\/wp\/v2\/media?parent=354503"}],"wp:term":[{"taxonomy":"product_cat","embeddable":true,"href":"https:\/\/eyemassagerdirect.com\/pt\/wp-json\/wp\/v2\/product_cat?post=354503"},{"taxonomy":"product_tag","embeddable":true,"href":"https:\/\/eyemassagerdirect.com\/pt\/wp-json\/wp\/v2\/product_tag?post=354503"}],"curies":[{"name":"wp","href":"https:\/\/api.w.org\/{rel}","templated":true}]}}