{"id":355261,"date":"2023-03-15T07:23:02","date_gmt":"2023-03-15T07:23:02","guid":{"rendered":"http:\/\/eyemassagerdirect.com\/?post_type=product&#038;p=355261"},"modified":"2023-06-01T03:41:23","modified_gmt":"2023-06-01T03:41:23","slug":"e80-heat-eye-massager-with-vibration","status":"publish","type":"product","link":"https:\/\/eyemassagerdirect.com\/pt\/produto\/e80-heat-eye-massager-with-vibration\/","title":{"rendered":"E80 Massageador de olhos de calor com vibra\u00e7\u00e3o"},"content":{"rendered":"<p><strong>Parameters<\/strong><br \/>\nNome do produto: massageador de olhos de calor E80 com vibra\u00e7\u00e3o<br \/>\nTens\u00e3o nominal: 3,7 V<br \/>\nPot\u00eancia nominal: 2,5 W<br \/>\nTens\u00e3o de entrada: 5V<br \/>\nCapacidade da bateria: 1200mAh<br \/>\nTamanho do produto: 183*73*72mm<br \/>\nPeso nu: cerca de 230g<br \/>\nTamanho da embalagem: 221*121*86mm<br \/>\nTamanho da caixa externa: 455*260*465<\/p>\n<p>Destaques do massageador de olhos de calor E80 com vibra\u00e7\u00e3o<br \/>\n<img decoding=\"async\" src=\"https:\/\/eyemassagerdirect.com\/wp-content\/uploads\/2023\/04\/E80-3d-eye-massager-highlights.jpg\" alt=\"Destaques do massageador de olhos de calor E80 com vibra\u00e7\u00e3o\" title=\"\"><br \/>\n16 contatos de massagem de silicone vibram em alta frequ\u00eancia, extremamente confort\u00e1veis!<br \/>\n<img decoding=\"async\" src=\"https:\/\/eyemassagerdirect.com\/wp-content\/uploads\/2023\/04\/16-massage-contacts.jpg\" alt=\"16 contatos de massagem de silicone vibram em alta frequ\u00eancia, extremamente confort\u00e1veis!\" title=\"\"><br \/>\nV\u00e1rios modos de massagem<br \/>\n<img decoding=\"async\" src=\"https:\/\/eyemassagerdirect.com\/wp-content\/uploads\/2023\/04\/E80-3d-eye-massager-multiple-modes.jpg\" alt=\"V\u00e1rios modos de massagem\" title=\"\"><br \/>\nDesign vis\u00edvel<br \/>\n<img decoding=\"async\" src=\"https:\/\/eyemassagerdirect.com\/wp-content\/uploads\/2023\/04\/Viewable-design.jpg\" alt=\"\" title=\"\"><br \/>\nUltraleve, pesa menos de 200g<br \/>\n<img decoding=\"async\" src=\"https:\/\/eyemassagerdirect.com\/wp-content\/uploads\/2023\/04\/E80-196g.jpg\" alt=\"Ultraleve, pesa menos de 200g\" title=\"\"><br \/>\nm\u00fasica bluetooth<br \/>\n<img decoding=\"async\" src=\"https:\/\/eyemassagerdirect.com\/wp-content\/uploads\/2023\/04\/e80-bluetooth-music.jpg\" alt=\"m\u00fasica bluetooth\" title=\"\"><br \/>\nRechargeable battery with type-c port<br \/>\n<img decoding=\"async\" src=\"https:\/\/eyemassagerdirect.com\/wp-content\/uploads\/2023\/04\/E80-rechageable-type-c.jpg\" alt=\"Rechargeable battery with type-c port\" title=\"\"><br \/>\nDesign dobr\u00e1vel<br \/>\n<img decoding=\"async\" src=\"https:\/\/eyemassagerdirect.com\/wp-content\/uploads\/2023\/04\/foldable-design-and-portable.jpg\" alt=\"Design dobr\u00e1vel\" title=\"\"><\/p>","protected":false},"excerpt":{"rendered":"<p>Massageador de olhos de calor E80 com servi\u00e7o OEM ODM de vibra\u00e7\u00e3o, aprimore seu neg\u00f3cio de massageadores de olhos com o Massageador de olhos de calor E80 com pedidos em massa de vibra\u00e7\u00e3o. Fa\u00e7a um or\u00e7amento gratuito, agora!<br \/>\n<strong>Destaques do produto<\/strong><br \/>\nFun\u00e7\u00e3o: Vibra\u00e7\u00e3o, m\u00fasica Bluetooth e m\u00fasica embutida, compressa de calor<br \/>\nDesign visual<br \/>\n16 motores em miniatura s\u00e3o equipados com cabe\u00e7as de massagem de silicone ecol\u00f3gicas<br \/>\nControle inteligente de conex\u00e3o Bluetooth, sincroniza\u00e7\u00e3o de m\u00fasica em massa do telefone m\u00f3vel<br \/>\nAdapte-se \u00e0 resson\u00e2ncia de \u00e1udio, cada m\u00fasica tem uma experi\u00eancia de massagem diferente<br \/>\n6 cabe\u00e7as de massagem com compressa de calor de temperatura constante<\/p>\n<p><strong>Lead Time<\/strong><\/p>\n<table style=\"border-collapse: collapse; width: 289.52pt;\" border=\"1\" width=\"289.52pt\" cellspacing=\"0\" cellpadding=\"0\">\n<tbody>\n<tr style=\"height: 13.50pt;\">\n<td class=\"et2\" style=\"height: 13.5pt; width: 143.109px;\" height=\"18\">Quantity(Pieces)<\/td>\n<td class=\"et3\" style=\"width: 90.6719px;\">1-2000<\/td>\n<td class=\"et3\" style=\"width: 148.234px;\">&gt;2000<\/td>\n<\/tr>\n<tr style=\"height: 13.50pt;\">\n<td class=\"et2\" style=\"height: 13.5pt; width: 143.109px;\" height=\"18\">Est. Time(days)<\/td>\n<td class=\"et3\" style=\"width: 90.6719px;\">35<\/td>\n<td class=\"et3\" style=\"width: 148.234px;\">Negotiable<\/td>\n<\/tr>\n<\/tbody>\n<\/table>","protected":false},"featured_media":355276,"template":"","meta":{"_et_pb_use_builder":"","_et_pb_old_content":"","_et_gb_content_width":""},"product_cat":[27,25],"product_tag":[104,98,96,105],"_links":{"self":[{"href":"https:\/\/eyemassagerdirect.com\/pt\/wp-json\/wp\/v2\/product\/355261"}],"collection":[{"href":"https:\/\/eyemassagerdirect.com\/pt\/wp-json\/wp\/v2\/product"}],"about":[{"href":"https:\/\/eyemassagerdirect.com\/pt\/wp-json\/wp\/v2\/types\/product"}],"wp:featuredmedia":[{"embeddable":true,"href":"https:\/\/eyemassagerdirect.com\/pt\/wp-json\/wp\/v2\/media\/355276"}],"wp:attachment":[{"href":"https:\/\/eyemassagerdirect.com\/pt\/wp-json\/wp\/v2\/media?parent=355261"}],"wp:term":[{"taxonomy":"product_cat","embeddable":true,"href":"https:\/\/eyemassagerdirect.com\/pt\/wp-json\/wp\/v2\/product_cat?post=355261"},{"taxonomy":"product_tag","embeddable":true,"href":"https:\/\/eyemassagerdirect.com\/pt\/wp-json\/wp\/v2\/product_tag?post=355261"}],"curies":[{"name":"wp","href":"https:\/\/api.w.org\/{rel}","templated":true}]}}