{"id":355615,"date":"2023-05-01T12:12:20","date_gmt":"2023-05-01T12:12:20","guid":{"rendered":"http:\/\/eyemassagerdirect.com\/?post_type=product&#038;p=355615"},"modified":"2023-05-07T07:55:56","modified_gmt":"2023-05-07T07:55:56","slug":"3d-vibration-steam-eye-massager-with-heat-spa-massage-for-dry-eyes","status":"publish","type":"product","link":"https:\/\/eyemassagerdirect.com\/pt\/produto\/3d-vibration-steam-eye-massager-with-heat-spa-massage-for-dry-eyes\/","title":{"rendered":"Massageador de olhos a vapor com vibra\u00e7\u00e3o 3D e massagem termal para olhos secos"},"content":{"rendered":"<h2>Massageador de olhos a vapor de vibra\u00e7\u00e3o 3D com calor, vaporizador ultrass\u00f4nico destac\u00e1vel, massageador de spa perfeito para olhos secos. China massageador de olhos a vapor OEM ODM fabricante.<\/h2>\n<p>Melhore suas ofertas de produtos com nosso massageador de olhos de vapor de vibra\u00e7\u00e3o 3D com calor, massageador de spa perfeito para olhos secos. Impulsione o seu neg\u00f3cio com esta solu\u00e7\u00e3o inovadora para cuidados com os olhos. Entre em contato conosco para pedidos em massa e op\u00e7\u00f5es de personaliza\u00e7\u00e3o.<\/p>\n<p><strong>Vaporizador ultrass\u00f4nico destac\u00e1vel<\/strong><br \/>\nA n\u00e9voa \u00e9 fornecida por um dispositivo ultrass\u00f4nico em miniatura que transforma a \u00e1gua nos menores vapores poss\u00edveis. Transformando a \u00e1gua em got\u00edculas finas de 3\u03bcm, pode hidratar sua pele com o melhor resultado.<br \/>\nA microplaca de armazenamento de \u00e1gua\u00a0\u00e9 destac\u00e1vel, o design destac\u00e1vel tem benef\u00edcios incompar\u00e1veis:<\/p>\n<ul>\n<li>Primeiro, a inje\u00e7\u00e3o de \u00e1gua e a limpeza s\u00e3o muito convenientes.<\/li>\n<li>Em segundo lugar, o custo do dano pode ser reduzido ao m\u00e1ximo. Garantir a independ\u00eancia e a desconex\u00e3o deste componente cr\u00edtico da unidade geradora de vapor d'\u00e1gua evita reparos dispendiosos e inconvenientes ou substitui\u00e7\u00e3o de toda a unidade em caso de danos.<\/li>\n<\/ul>\n<p><strong>Aquecimento instant\u00e2neo<\/strong><br \/>\nAquece instantaneamente at\u00e9\u00a0114\u00b0F\u00a0(46\u00b0C)\u00a0em segundos. A temperatura de 46\u00b0C (114\u00b0F) \u00e9 ideal para estimular o fluxo sangu\u00edneo e relaxar os m\u00fasculos ao redor dos olhos, promovendo uma sensa\u00e7\u00e3o de calma e relaxamento.<\/p>\n<p><strong>Massagem vibrat\u00f3ria de contato 3D ultraconfort\u00e1vel<\/strong><br \/>\nConstru\u00eddo em 12 motores de vibra\u00e7\u00e3o para massagem multiponto, 12 motores de silicone podem vibrar em alta frequ\u00eancia, experi\u00eancia de massagem ultraconfort\u00e1vel.<\/p>\n<p><strong>Conectividade Bluetooth e m\u00fasica integrada<\/strong><br \/>\nAl\u00e9m da m\u00fasica natural integrada, o usu\u00e1rio\u00a0pode ouvir facilmente suas\u00a0m\u00fasicas, podcasts ou audiolivros favoritos enquanto\u00a0desfruta de uma massagem\u00a0com conectividade Bluetooth,\u00a0isso significa que o usu\u00e1rio\u00a0pode criar uma experi\u00eancia personalizada e imersiva.<\/p>\n<p><strong>Bateria de longa dura\u00e7\u00e3o Carregamento tipo C<\/strong><br \/>\nO recurso de carregamento Type-C tamb\u00e9m \u00e9 conveniente, pois permite tempos de carregamento mais r\u00e1pidos e compatibilidade universal com uma ampla gama de dispositivos, como carregador de telefone, laptop ou qualquer outro dispositivo que tenha uma porta Type-C.<\/p>\n<p><strong>Leve e port\u00e1til<\/strong><br \/>\nO design leve e port\u00e1til deste dispositivo o torna o companheiro ideal para quem est\u00e1 sempre em movimento. Pesando apenas 220 g, este massageador \u00e9 f\u00e1cil de transportar e cabe confortavelmente em sua bolsa, tornando-o perfeito para uso em casa, no escrit\u00f3rio ou em viagens.<\/p>","protected":false},"excerpt":{"rendered":"<p>Massageador de olhos a vapor de vibra\u00e7\u00e3o 3D com calor, vaporizador ultrass\u00f4nico destac\u00e1vel, massageador de spa perfeito para olhos secos. China massageador de olhos a vapor OEM ODM fabricante.<\/p>\n<p><strong>Destaques do produto<\/strong><br \/>\nVaporizador ultrass\u00f4nico destac\u00e1vel<br \/>\nAquecimento instant\u00e2neo, 42\u00b0C Compressa de calor<br \/>\nMassagem vibrat\u00f3ria de contato 3D ultraconfort\u00e1vel<br \/>\nM\u00fasica integrada e m\u00fasica personaliz\u00e1vel por Bluetooth<br \/>\nAl\u00e7a el\u00e1stica ajust\u00e1vel<br \/>\nBateria de l\u00edtio recarreg\u00e1vel embutida, carregamento USB tipo C<\/p>\n<p><strong>Lead Time<\/strong><\/p>\n<table style=\"border-collapse: collapse; width: 289.52pt;\" border=\"1\" width=\"289.52pt\" cellspacing=\"0\" cellpadding=\"0\">\n<tbody>\n<tr style=\"height: 13.50pt;\">\n<td class=\"et2\" style=\"height: 13.5pt; width: 143.109px;\" height=\"18\">Quantity(Pieces)<\/td>\n<td class=\"et3\" style=\"width: 90.6719px;\">1-2000<\/td>\n<td class=\"et3\" style=\"width: 148.234px;\">&gt;2000<\/td>\n<\/tr>\n<tr style=\"height: 13.50pt;\">\n<td class=\"et2\" style=\"height: 13.5pt; width: 143.109px;\" height=\"18\">Est. Time(days)<\/td>\n<td class=\"et3\" style=\"width: 90.6719px;\">35<\/td>\n<td class=\"et3\" style=\"width: 148.234px;\">Negotiable<\/td>\n<\/tr>\n<\/tbody>\n<\/table>","protected":false},"featured_media":355667,"template":"","meta":{"_et_pb_use_builder":"","_et_pb_old_content":"","_et_gb_content_width":""},"product_cat":[24,25,116,27],"product_tag":[98,96,100,99,117,118,119],"_links":{"self":[{"href":"https:\/\/eyemassagerdirect.com\/pt\/wp-json\/wp\/v2\/product\/355615"}],"collection":[{"href":"https:\/\/eyemassagerdirect.com\/pt\/wp-json\/wp\/v2\/product"}],"about":[{"href":"https:\/\/eyemassagerdirect.com\/pt\/wp-json\/wp\/v2\/types\/product"}],"wp:featuredmedia":[{"embeddable":true,"href":"https:\/\/eyemassagerdirect.com\/pt\/wp-json\/wp\/v2\/media\/355667"}],"wp:attachment":[{"href":"https:\/\/eyemassagerdirect.com\/pt\/wp-json\/wp\/v2\/media?parent=355615"}],"wp:term":[{"taxonomy":"product_cat","embeddable":true,"href":"https:\/\/eyemassagerdirect.com\/pt\/wp-json\/wp\/v2\/product_cat?post=355615"},{"taxonomy":"product_tag","embeddable":true,"href":"https:\/\/eyemassagerdirect.com\/pt\/wp-json\/wp\/v2\/product_tag?post=355615"}],"curies":[{"name":"wp","href":"https:\/\/api.w.org\/{rel}","templated":true}]}}